{"id":2568,"date":"2022-03-17T10:26:37","date_gmt":"2022-03-17T09:26:37","guid":{"rendered":"https:\/\/www.malherbe-school.com\/evenement-speciaux\/"},"modified":"2024-11-13T14:38:38","modified_gmt":"2024-11-13T13:38:38","slug":"evenement-speciaux","status":"publish","type":"page","link":"https:\/\/www.malherbe-school.com\/fr\/autour-de-la-classe\/evenement-speciaux\/","title":{"rendered":"\u00c9v\u00e9nements sp\u00e9ciaux"},"content":{"rendered":"\t\t<div data-elementor-type=\"wp-page\" data-elementor-id=\"2568\" class=\"elementor elementor-2568 elementor-1314\" data-elementor-post-type=\"page\">\n\t\t\t\t\t\t<section class=\"elementor-section elementor-top-section elementor-element elementor-element-43600cb2 elementor-section-boxed elementor-section-height-default elementor-section-height-default\" data-id=\"43600cb2\" data-element_type=\"section\" data-e-type=\"section\" data-settings=\"{&quot;background_background&quot;:&quot;classic&quot;,&quot;jet_parallax_layout_list&quot;:[{&quot;jet_parallax_layout_image&quot;:{&quot;url&quot;:&quot;&quot;,&quot;id&quot;:&quot;&quot;,&quot;size&quot;:&quot;&quot;},&quot;_id&quot;:&quot;53f7120&quot;,&quot;jet_parallax_layout_image_tablet&quot;:{&quot;url&quot;:&quot;&quot;,&quot;id&quot;:&quot;&quot;,&quot;size&quot;:&quot;&quot;},&quot;jet_parallax_layout_image_mobile&quot;:{&quot;url&quot;:&quot;&quot;,&quot;id&quot;:&quot;&quot;,&quot;size&quot;:&quot;&quot;},&quot;jet_parallax_layout_speed&quot;:{&quot;unit&quot;:&quot;%&quot;,&quot;size&quot;:50,&quot;sizes&quot;:[]},&quot;jet_parallax_layout_type&quot;:&quot;scroll&quot;,&quot;jet_parallax_layout_direction&quot;:null,&quot;jet_parallax_layout_fx_direction&quot;:null,&quot;jet_parallax_layout_z_index&quot;:&quot;&quot;,&quot;jet_parallax_layout_bg_x&quot;:50,&quot;jet_parallax_layout_bg_x_tablet&quot;:&quot;&quot;,&quot;jet_parallax_layout_bg_x_mobile&quot;:&quot;&quot;,&quot;jet_parallax_layout_bg_y&quot;:50,&quot;jet_parallax_layout_bg_y_tablet&quot;:&quot;&quot;,&quot;jet_parallax_layout_bg_y_mobile&quot;:&quot;&quot;,&quot;jet_parallax_layout_bg_size&quot;:&quot;auto&quot;,&quot;jet_parallax_layout_bg_size_tablet&quot;:&quot;&quot;,&quot;jet_parallax_layout_bg_size_mobile&quot;:&quot;&quot;,&quot;jet_parallax_layout_animation_prop&quot;:&quot;transform&quot;,&quot;jet_parallax_layout_on&quot;:[&quot;desktop&quot;,&quot;tablet&quot;]}]}\">\n\t\t\t\t\t\t<div class=\"elementor-container elementor-column-gap-default\">\n\t\t\t\t\t<div class=\"elementor-column elementor-col-100 elementor-top-column elementor-element elementor-element-4c926407\" data-id=\"4c926407\" data-element_type=\"column\" data-e-type=\"column\" data-settings=\"{&quot;background_background&quot;:&quot;slideshow&quot;,&quot;background_slideshow_gallery&quot;:[],&quot;background_slideshow_loop&quot;:&quot;yes&quot;,&quot;background_slideshow_slide_duration&quot;:5000,&quot;background_slideshow_slide_transition&quot;:&quot;fade&quot;,&quot;background_slideshow_transition_duration&quot;:500}\">\n\t\t\t<div class=\"elementor-widget-wrap elementor-element-populated\">\n\t\t\t\t\t\t<div class=\"elementor-element elementor-element-6ec57eea elementor-widget elementor-widget-heading\" data-id=\"6ec57eea\" data-element_type=\"widget\" data-e-type=\"widget\" data-widget_type=\"heading.default\">\n\t\t\t\t<div class=\"elementor-widget-container\">\n\t\t\t\t\t<h1 class=\"elementor-heading-title elementor-size-default\">\u00c9v\u00e9nements sp\u00e9ciaux<\/h1>\t\t\t\t<\/div>\n\t\t\t\t<\/div>\n\t\t\t\t\t<\/div>\n\t\t<\/div>\n\t\t\t\t\t<\/div>\n\t\t<\/section>\n\t\t\t\t<section class=\"elementor-section elementor-top-section elementor-element elementor-element-92adda7 elementor-reverse-mobile elementor-section-boxed elementor-section-height-default elementor-section-height-default\" data-id=\"92adda7\" data-element_type=\"section\" data-e-type=\"section\" data-settings=\"{&quot;background_background&quot;:&quot;classic&quot;,&quot;jet_parallax_layout_list&quot;:[{&quot;_id&quot;:&quot;e277433&quot;,&quot;jet_parallax_layout_image&quot;:{&quot;url&quot;:&quot;&quot;,&quot;id&quot;:&quot;&quot;,&quot;size&quot;:&quot;&quot;},&quot;jet_parallax_layout_image_tablet&quot;:{&quot;url&quot;:&quot;&quot;,&quot;id&quot;:&quot;&quot;,&quot;size&quot;:&quot;&quot;},&quot;jet_parallax_layout_image_mobile&quot;:{&quot;url&quot;:&quot;&quot;,&quot;id&quot;:&quot;&quot;,&quot;size&quot;:&quot;&quot;},&quot;jet_parallax_layout_speed&quot;:{&quot;unit&quot;:&quot;%&quot;,&quot;size&quot;:50,&quot;sizes&quot;:[]},&quot;jet_parallax_layout_type&quot;:&quot;scroll&quot;,&quot;jet_parallax_layout_direction&quot;:null,&quot;jet_parallax_layout_fx_direction&quot;:null,&quot;jet_parallax_layout_z_index&quot;:&quot;&quot;,&quot;jet_parallax_layout_bg_x&quot;:50,&quot;jet_parallax_layout_bg_x_tablet&quot;:&quot;&quot;,&quot;jet_parallax_layout_bg_x_mobile&quot;:&quot;&quot;,&quot;jet_parallax_layout_bg_y&quot;:50,&quot;jet_parallax_layout_bg_y_tablet&quot;:&quot;&quot;,&quot;jet_parallax_layout_bg_y_mobile&quot;:&quot;&quot;,&quot;jet_parallax_layout_bg_size&quot;:&quot;auto&quot;,&quot;jet_parallax_layout_bg_size_tablet&quot;:&quot;&quot;,&quot;jet_parallax_layout_bg_size_mobile&quot;:&quot;&quot;,&quot;jet_parallax_layout_animation_prop&quot;:&quot;transform&quot;,&quot;jet_parallax_layout_on&quot;:[&quot;desktop&quot;,&quot;tablet&quot;]}]}\">\n\t\t\t\t\t\t<div class=\"elementor-container elementor-column-gap-default\">\n\t\t\t\t\t<div class=\"elementor-column elementor-col-50 elementor-top-column elementor-element elementor-element-0fd87d0\" data-id=\"0fd87d0\" data-element_type=\"column\" data-e-type=\"column\">\n\t\t\t<div class=\"elementor-widget-wrap elementor-element-populated\">\n\t\t\t\t\t\t<div class=\" pafe-equal-height-desktop pafe-equal-height-tablet pafe-equal-height-mobile elementor-element elementor-element-315fd38 elementor-widget elementor-widget-text-editor\" data-pafe-equal-height=\"tuition-description\" data-pafe-equal-height-widget-container=\"\" data-id=\"315fd38\" data-element_type=\"widget\" data-e-type=\"widget\" data-widget_type=\"text-editor.default\">\n\t\t\t\t<div class=\"elementor-widget-container\">\n\t\t\t\t\t\t\t\t\t<p>De nombreux \u00e9v\u00e9nements sp\u00e9ciaux sont organis\u00e9s pendant l&rsquo;ann\u00e9e scolaire, qui int\u00e8grent les diff\u00e9rentes origines internationales des \u00e9tudiants et du personnel.<\/p>\n<p>Les c\u00e9l\u00e9brations les plus populaires sont : Halloween, Thanksgiving, No\u00ebl, le Nouvel An lunaire, la Saint Valentin, Mardi Gras, la Saint Patrick et P\u00e2ques.<\/p>\n<p>Pour No\u00ebl, l&rsquo;\u00e9cole c\u00e9l\u00e8bre un concert de No\u00ebl donn\u00e9 par les enfants pour leurs familles. Un march\u00e9 de No\u00ebl est \u00e9galement organis\u00e9 par notre Commit\u00e9 de parents tr\u00e8s impliqu\u00e9.<\/p>\n<p>Pendant les mois les plus chauds, les \u00e9l\u00e8ves participent \u00e0 notre journ\u00e9e d&rsquo;Olympiades Sportives. Les classes sont toutes divis\u00e9es en \u00e9quipes d&rsquo;\u00e2ge mixte, qui s&rsquo;affrontent dans diverses activit\u00e9s sportives, mettant en avant l&rsquo;esprit d&rsquo;\u00e9quipe et le plaisir.<\/p>\n<p>Le point culminant de l&rsquo;ann\u00e9e scolaire est c\u00e9l\u00e9br\u00e9 lors de notre Kermesse d&rsquo;\u00e9t\u00e9, que l&rsquo;Association des parents d&rsquo;\u00e9l\u00e8ves organise chaque ann\u00e9e. La journ\u00e9e comprend des jeux, de la musique et un barbecue. Les nouveaux arrivant sont invit\u00e9s \u00e0 nous rejoindre ce jour-l\u00e0 pour rencontrer notre grande famille \u00e0 MIS.<\/p>\n<p>D&rsquo;autres occasions sp\u00e9ciales sont \u00e9galement organis\u00e9es tout au long de l&rsquo;ann\u00e9e par notre personnel enseignant pour c\u00e9l\u00e9brer les progr\u00e8s scolaires des \u00e9l\u00e8ves. Par exemple, les \u00e9l\u00e8ves de l&rsquo;\u00e9cole primaire vont travailler dur pour cr\u00e9er un manuscrit original pour le concours des jeunes auteurs. Les \u00e9crits sont ensuite tap\u00e9s, illustr\u00e9s et revus par un comit\u00e9 d&rsquo;enseignants qui selectionne les vainqueurs qui sont annonc\u00e9s lors d&rsquo;une c\u00e9r\u00e9monie de remise des prix \u00e0 laquelle sont convi\u00e9s les parents. Les manuscrits sont \u00e9galement soumis \u00e0 la comp\u00e9titition nationale <a href=\"https:\/\/americanlibraryinparis.org\/yaff\/\" target=\"_blank\" rel=\"noopener\">Young Authors Fiction Festival<\/a> organis\u00e9e par la American Library of Paris.  <\/p>\n<p>Nous accueillons \u00e9galement depuis deux ans la finale primaire du concours de r\u00e9citation de po\u00e9sie <a href=\"https:\/\/poetrybyheart.org.uk\/\" target=\"_blank\" rel=\"noopener\">Poetry by Heart<\/a> organis\u00e9e gr\u00e2ce \u00e0 ELSA France.<\/p>\n\t\t\t\t\t\t\t\t<\/div>\n\t\t\t\t<\/div>\n\t\t\t\t\t<\/div>\n\t\t<\/div>\n\t\t\t\t<div class=\"elementor-column elementor-col-50 elementor-top-column elementor-element elementor-element-cc6f5c3\" data-id=\"cc6f5c3\" data-element_type=\"column\" data-e-type=\"column\">\n\t\t\t<div class=\"elementor-widget-wrap elementor-element-populated\">\n\t\t\t\t\t\t<div class=\"elementor-element elementor-element-31f6eca elementor-pagination-position-outside elementor-widget elementor-widget-image-carousel\" data-id=\"31f6eca\" data-element_type=\"widget\" data-e-type=\"widget\" data-settings=\"{&quot;slides_to_show&quot;:&quot;1&quot;,&quot;navigation&quot;:&quot;dots&quot;,&quot;autoplay&quot;:&quot;yes&quot;,&quot;pause_on_hover&quot;:&quot;yes&quot;,&quot;pause_on_interaction&quot;:&quot;yes&quot;,&quot;autoplay_speed&quot;:5000,&quot;infinite&quot;:&quot;yes&quot;,&quot;effect&quot;:&quot;slide&quot;,&quot;speed&quot;:500}\" data-widget_type=\"image-carousel.default\">\n\t\t\t\t<div class=\"elementor-widget-container\">\n\t\t\t\t\t\t\t<div class=\"elementor-image-carousel-wrapper swiper\" role=\"region\" aria-roledescription=\"carousel\" aria-label=\"Carrousel d\u2019images\" dir=\"ltr\">\n\t\t\t<div class=\"elementor-image-carousel swiper-wrapper swiper-image-stretch\" aria-live=\"off\">\n\t\t\t\t\t\t\t\t<div class=\"swiper-slide\" role=\"group\" aria-roledescription=\"slide\" aria-label=\"1 sur 7\"><figure class=\"swiper-slide-inner\"><img decoding=\"async\" class=\"swiper-slide-image\" src=\"https:\/\/www.malherbe-school.com\/wp-content\/uploads\/2024\/07\/DSF0460-scaled.jpg\" alt=\"Judo demonstration - MIS Sports Day 2024\" \/><\/figure><\/div><div class=\"swiper-slide\" role=\"group\" aria-roledescription=\"slide\" aria-label=\"2 sur 7\"><figure class=\"swiper-slide-inner\"><img decoding=\"async\" class=\"swiper-slide-image\" src=\"https:\/\/www.malherbe-school.com\/wp-content\/uploads\/2022\/04\/Earth-Day-at-MIS-4.jpg\" alt=\"Gathering litter during Earth Day\" \/><\/figure><\/div><div class=\"swiper-slide\" role=\"group\" aria-roledescription=\"slide\" aria-label=\"3 sur 7\"><figure class=\"swiper-slide-inner\"><img decoding=\"async\" class=\"swiper-slide-image\" src=\"https:\/\/www.malherbe-school.com\/wp-content\/uploads\/2024\/07\/Sports-day-2024-4.jpg\" alt=\"blind football workshop\" \/><\/figure><\/div><div class=\"swiper-slide\" role=\"group\" aria-roledescription=\"slide\" aria-label=\"4 sur 7\"><figure class=\"swiper-slide-inner\"><img decoding=\"async\" class=\"swiper-slide-image\" src=\"https:\/\/www.malherbe-school.com\/wp-content\/uploads\/2024\/10\/PbH-2024.jpg\" alt=\"Poetry by Heart Primary finalists organized thanks to ELSA France\" \/><\/figure><\/div><div class=\"swiper-slide\" role=\"group\" aria-roledescription=\"slide\" aria-label=\"5 sur 7\"><figure class=\"swiper-slide-inner\"><img decoding=\"async\" class=\"swiper-slide-image\" src=\"https:\/\/www.malherbe-school.com\/wp-content\/uploads\/2024\/09\/Dragon-Day-3.jpg\" alt=\"School Play\" \/><\/figure><\/div><div class=\"swiper-slide\" role=\"group\" aria-roledescription=\"slide\" aria-label=\"6 sur 7\"><figure class=\"swiper-slide-inner\"><img decoding=\"async\" class=\"swiper-slide-image\" src=\"https:\/\/www.malherbe-school.com\/wp-content\/uploads\/2022\/04\/YA3.jpg\" alt=\"Young AUthors presentation\" \/><\/figure><\/div><div class=\"swiper-slide\" role=\"group\" aria-roledescription=\"slide\" aria-label=\"7 sur 7\"><figure class=\"swiper-slide-inner\"><img decoding=\"async\" class=\"swiper-slide-image\" src=\"https:\/\/www.malherbe-school.com\/wp-content\/uploads\/2022\/04\/6f63092e-0911-4ab2-8eb3-9735b196ed7f.jpg\" alt=\"Book Day assembly\" \/><\/figure><\/div>\t\t\t<\/div>\n\t\t\t\t\t\t\t\n\t\t\t\t\t\t\t\t\t<div class=\"swiper-pagination\"><\/div>\n\t\t\t\t\t\t\t\t\t<\/div>\n\t\t\t\t\t\t<\/div>\n\t\t\t\t<\/div>\n\t\t\t\t\t<\/div>\n\t\t<\/div>\n\t\t\t\t\t<\/div>\n\t\t<\/section>\n\t\t\t\t<section class=\"elementor-section elementor-top-section elementor-element elementor-element-1c34d238 elementor-section-boxed elementor-section-height-default elementor-section-height-default\" data-id=\"1c34d238\" data-element_type=\"section\" data-e-type=\"section\" data-settings=\"{&quot;background_background&quot;:&quot;classic&quot;,&quot;jet_parallax_layout_list&quot;:[{&quot;jet_parallax_layout_image&quot;:{&quot;url&quot;:&quot;&quot;,&quot;id&quot;:&quot;&quot;,&quot;size&quot;:&quot;&quot;},&quot;_id&quot;:&quot;cc9fbc6&quot;,&quot;jet_parallax_layout_image_tablet&quot;:{&quot;url&quot;:&quot;&quot;,&quot;id&quot;:&quot;&quot;,&quot;size&quot;:&quot;&quot;},&quot;jet_parallax_layout_image_mobile&quot;:{&quot;url&quot;:&quot;&quot;,&quot;id&quot;:&quot;&quot;,&quot;size&quot;:&quot;&quot;},&quot;jet_parallax_layout_speed&quot;:{&quot;unit&quot;:&quot;%&quot;,&quot;size&quot;:50,&quot;sizes&quot;:[]},&quot;jet_parallax_layout_type&quot;:&quot;scroll&quot;,&quot;jet_parallax_layout_direction&quot;:null,&quot;jet_parallax_layout_fx_direction&quot;:null,&quot;jet_parallax_layout_z_index&quot;:&quot;&quot;,&quot;jet_parallax_layout_bg_x&quot;:50,&quot;jet_parallax_layout_bg_x_tablet&quot;:&quot;&quot;,&quot;jet_parallax_layout_bg_x_mobile&quot;:&quot;&quot;,&quot;jet_parallax_layout_bg_y&quot;:50,&quot;jet_parallax_layout_bg_y_tablet&quot;:&quot;&quot;,&quot;jet_parallax_layout_bg_y_mobile&quot;:&quot;&quot;,&quot;jet_parallax_layout_bg_size&quot;:&quot;auto&quot;,&quot;jet_parallax_layout_bg_size_tablet&quot;:&quot;&quot;,&quot;jet_parallax_layout_bg_size_mobile&quot;:&quot;&quot;,&quot;jet_parallax_layout_animation_prop&quot;:&quot;transform&quot;,&quot;jet_parallax_layout_on&quot;:[&quot;desktop&quot;,&quot;tablet&quot;]}]}\">\n\t\t\t\t\t\t<div class=\"elementor-container elementor-column-gap-no\">\n\t\t\t\t\t<div class=\"elementor-column elementor-col-66 elementor-top-column elementor-element elementor-element-14b2d19c\" data-id=\"14b2d19c\" data-element_type=\"column\" data-e-type=\"column\">\n\t\t\t<div class=\"elementor-widget-wrap elementor-element-populated\">\n\t\t\t\t\t\t<div class=\"elementor-element elementor-element-6395d6fb elementor-widget elementor-widget-heading\" data-id=\"6395d6fb\" data-element_type=\"widget\" data-e-type=\"widget\" data-widget_type=\"heading.default\">\n\t\t\t\t<div class=\"elementor-widget-container\">\n\t\t\t\t\t<h3 class=\"elementor-heading-title elementor-size-default\">Pour plus d'informations sur les admissions 2025-2026 !<\/h3>\t\t\t\t<\/div>\n\t\t\t\t<\/div>\n\t\t\t\t\t<\/div>\n\t\t<\/div>\n\t\t\t\t<div class=\"elementor-column elementor-col-33 elementor-top-column elementor-element elementor-element-5b42edd6\" data-id=\"5b42edd6\" data-element_type=\"column\" data-e-type=\"column\" data-settings=\"{&quot;animation&quot;:&quot;none&quot;}\">\n\t\t\t<div class=\"elementor-widget-wrap elementor-element-populated\">\n\t\t\t\t\t\t<div class=\"elementor-element elementor-element-604bb28a elementor-align-center elementor-mobile-align-center elementor-widget elementor-widget-button\" data-id=\"604bb28a\" data-element_type=\"widget\" data-e-type=\"widget\" data-widget_type=\"button.default\">\n\t\t\t\t<div class=\"elementor-widget-container\">\n\t\t\t\t\t\t\t\t\t<div class=\"elementor-button-wrapper\">\n\t\t\t\t\t<a class=\"elementor-button elementor-button-link elementor-size-md elementor-animation-grow\" href=\"https:\/\/www.malherbe-school.com\/fr\/nous-contacter\/\">\n\t\t\t\t\t\t<span class=\"elementor-button-content-wrapper\">\n\t\t\t\t\t\t\t\t\t<span class=\"elementor-button-text\">Nous contacter<\/span>\n\t\t\t\t\t<\/span>\n\t\t\t\t\t<\/a>\n\t\t\t\t<\/div>\n\t\t\t\t\t\t\t\t<\/div>\n\t\t\t\t<\/div>\n\t\t\t\t\t<\/div>\n\t\t<\/div>\n\t\t\t\t\t<\/div>\n\t\t<\/section>\n\t\t\t\t<\/div>\n\t\t","protected":false},"excerpt":{"rendered":"<p>De nombreux \u00e9v\u00e9nements sp\u00e9ciaux sont organis\u00e9s pendant l&rsquo;ann\u00e9e scolaire, qui int\u00e8grent les diff\u00e9rentes origines internationales des \u00e9tudiants et du personnel. Les c\u00e9l\u00e9brations les plus populaires sont : Halloween, Thanksgiving, No\u00ebl, le Nouvel An lunaire, la Saint Valentin, Mardi Gras, la Saint Patrick et P\u00e2ques. Pour No\u00ebl, l&rsquo;\u00e9cole c\u00e9l\u00e8bre un concert de No\u00ebl donn\u00e9 par les [&hellip;]<\/p>\n","protected":false},"author":1,"featured_media":0,"parent":2574,"menu_order":25,"comment_status":"closed","ping_status":"closed","template":"elementor_header_footer","meta":{"footnotes":""},"class_list":["post-2568","page","type-page","status-publish","hentry"],"_links":{"self":[{"href":"https:\/\/www.malherbe-school.com\/fr\/wp-json\/wp\/v2\/pages\/2568","targetHints":{"allow":["GET"]}}],"collection":[{"href":"https:\/\/www.malherbe-school.com\/fr\/wp-json\/wp\/v2\/pages"}],"about":[{"href":"https:\/\/www.malherbe-school.com\/fr\/wp-json\/wp\/v2\/types\/page"}],"author":[{"embeddable":true,"href":"https:\/\/www.malherbe-school.com\/fr\/wp-json\/wp\/v2\/users\/1"}],"replies":[{"embeddable":true,"href":"https:\/\/www.malherbe-school.com\/fr\/wp-json\/wp\/v2\/comments?post=2568"}],"version-history":[{"count":4,"href":"https:\/\/www.malherbe-school.com\/fr\/wp-json\/wp\/v2\/pages\/2568\/revisions"}],"predecessor-version":[{"id":4741,"href":"https:\/\/www.malherbe-school.com\/fr\/wp-json\/wp\/v2\/pages\/2568\/revisions\/4741"}],"up":[{"embeddable":true,"href":"https:\/\/www.malherbe-school.com\/fr\/wp-json\/wp\/v2\/pages\/2574"}],"wp:attachment":[{"href":"https:\/\/www.malherbe-school.com\/fr\/wp-json\/wp\/v2\/media?parent=2568"}],"curies":[{"name":"wp","href":"https:\/\/api.w.org\/{rel}","templated":true}]}}