{"id":2586,"date":"2021-12-31T19:05:43","date_gmt":"2021-12-31T18:05:43","guid":{"rendered":"https:\/\/www.malherbe-school.com\/admissions-2\/"},"modified":"2026-02-11T15:51:29","modified_gmt":"2026-02-11T14:51:29","slug":"procedure-d-admission","status":"publish","type":"page","link":"https:\/\/www.malherbe-school.com\/fr\/procedure-d-admission\/","title":{"rendered":"Proc\u00e9dure d&rsquo;Admission"},"content":{"rendered":"\t\t<div data-elementor-type=\"wp-page\" data-elementor-id=\"2586\" class=\"elementor elementor-2586 elementor-854\" data-elementor-post-type=\"page\">\n\t\t\t\t\t\t<section class=\"elementor-section elementor-top-section elementor-element elementor-element-43600cb2 elementor-section-boxed elementor-section-height-default elementor-section-height-default\" data-id=\"43600cb2\" data-element_type=\"section\" data-e-type=\"section\" data-settings=\"{&quot;background_background&quot;:&quot;classic&quot;,&quot;jet_parallax_layout_list&quot;:[{&quot;jet_parallax_layout_image&quot;:{&quot;url&quot;:&quot;&quot;,&quot;id&quot;:&quot;&quot;,&quot;size&quot;:&quot;&quot;},&quot;_id&quot;:&quot;53f7120&quot;,&quot;jet_parallax_layout_image_tablet&quot;:{&quot;url&quot;:&quot;&quot;,&quot;id&quot;:&quot;&quot;,&quot;size&quot;:&quot;&quot;},&quot;jet_parallax_layout_image_mobile&quot;:{&quot;url&quot;:&quot;&quot;,&quot;id&quot;:&quot;&quot;,&quot;size&quot;:&quot;&quot;},&quot;jet_parallax_layout_speed&quot;:{&quot;unit&quot;:&quot;%&quot;,&quot;size&quot;:50,&quot;sizes&quot;:[]},&quot;jet_parallax_layout_type&quot;:&quot;scroll&quot;,&quot;jet_parallax_layout_direction&quot;:null,&quot;jet_parallax_layout_fx_direction&quot;:null,&quot;jet_parallax_layout_z_index&quot;:&quot;&quot;,&quot;jet_parallax_layout_bg_x&quot;:50,&quot;jet_parallax_layout_bg_x_tablet&quot;:&quot;&quot;,&quot;jet_parallax_layout_bg_x_mobile&quot;:&quot;&quot;,&quot;jet_parallax_layout_bg_y&quot;:50,&quot;jet_parallax_layout_bg_y_tablet&quot;:&quot;&quot;,&quot;jet_parallax_layout_bg_y_mobile&quot;:&quot;&quot;,&quot;jet_parallax_layout_bg_size&quot;:&quot;auto&quot;,&quot;jet_parallax_layout_bg_size_tablet&quot;:&quot;&quot;,&quot;jet_parallax_layout_bg_size_mobile&quot;:&quot;&quot;,&quot;jet_parallax_layout_animation_prop&quot;:&quot;transform&quot;,&quot;jet_parallax_layout_on&quot;:[&quot;desktop&quot;,&quot;tablet&quot;]}]}\">\n\t\t\t\t\t\t<div class=\"elementor-container elementor-column-gap-default\">\n\t\t\t\t\t<div class=\"elementor-column elementor-col-100 elementor-top-column elementor-element elementor-element-4c926407\" data-id=\"4c926407\" data-element_type=\"column\" data-e-type=\"column\" data-settings=\"{&quot;background_background&quot;:&quot;slideshow&quot;,&quot;background_slideshow_gallery&quot;:[],&quot;background_slideshow_loop&quot;:&quot;yes&quot;,&quot;background_slideshow_slide_duration&quot;:5000,&quot;background_slideshow_slide_transition&quot;:&quot;fade&quot;,&quot;background_slideshow_transition_duration&quot;:500}\">\n\t\t\t<div class=\"elementor-widget-wrap elementor-element-populated\">\n\t\t\t\t\t\t<div class=\"elementor-element elementor-element-6ec57eea elementor-widget elementor-widget-heading\" data-id=\"6ec57eea\" data-element_type=\"widget\" data-e-type=\"widget\" data-widget_type=\"heading.default\">\n\t\t\t\t<div class=\"elementor-widget-container\">\n\t\t\t\t\t<h1 class=\"elementor-heading-title elementor-size-default\">Proc\u00e9dure d'admission<\/h1>\t\t\t\t<\/div>\n\t\t\t\t<\/div>\n\t\t\t\t\t<\/div>\n\t\t<\/div>\n\t\t\t\t\t<\/div>\n\t\t<\/section>\n\t\t\t\t<section class=\"elementor-section elementor-top-section elementor-element elementor-element-559a8a18 elementor-section-boxed elementor-section-height-default elementor-section-height-default\" data-id=\"559a8a18\" data-element_type=\"section\" data-e-type=\"section\" data-settings=\"{&quot;background_background&quot;:&quot;classic&quot;,&quot;jet_parallax_layout_list&quot;:[{&quot;_id&quot;:&quot;e277433&quot;,&quot;jet_parallax_layout_image&quot;:{&quot;url&quot;:&quot;&quot;,&quot;id&quot;:&quot;&quot;,&quot;size&quot;:&quot;&quot;},&quot;jet_parallax_layout_image_tablet&quot;:{&quot;url&quot;:&quot;&quot;,&quot;id&quot;:&quot;&quot;,&quot;size&quot;:&quot;&quot;},&quot;jet_parallax_layout_image_mobile&quot;:{&quot;url&quot;:&quot;&quot;,&quot;id&quot;:&quot;&quot;,&quot;size&quot;:&quot;&quot;},&quot;jet_parallax_layout_speed&quot;:{&quot;unit&quot;:&quot;%&quot;,&quot;size&quot;:50,&quot;sizes&quot;:[]},&quot;jet_parallax_layout_type&quot;:&quot;scroll&quot;,&quot;jet_parallax_layout_direction&quot;:null,&quot;jet_parallax_layout_fx_direction&quot;:null,&quot;jet_parallax_layout_z_index&quot;:&quot;&quot;,&quot;jet_parallax_layout_bg_x&quot;:50,&quot;jet_parallax_layout_bg_x_tablet&quot;:&quot;&quot;,&quot;jet_parallax_layout_bg_x_mobile&quot;:&quot;&quot;,&quot;jet_parallax_layout_bg_y&quot;:50,&quot;jet_parallax_layout_bg_y_tablet&quot;:&quot;&quot;,&quot;jet_parallax_layout_bg_y_mobile&quot;:&quot;&quot;,&quot;jet_parallax_layout_bg_size&quot;:&quot;auto&quot;,&quot;jet_parallax_layout_bg_size_tablet&quot;:&quot;&quot;,&quot;jet_parallax_layout_bg_size_mobile&quot;:&quot;&quot;,&quot;jet_parallax_layout_animation_prop&quot;:&quot;transform&quot;,&quot;jet_parallax_layout_on&quot;:[&quot;desktop&quot;,&quot;tablet&quot;]}]}\">\n\t\t\t\t\t\t<div class=\"elementor-container elementor-column-gap-default\">\n\t\t\t\t\t<div class=\"elementor-column elementor-col-100 elementor-top-column elementor-element elementor-element-203bd7e5\" data-id=\"203bd7e5\" data-element_type=\"column\" data-e-type=\"column\">\n\t\t\t<div class=\"elementor-widget-wrap elementor-element-populated\">\n\t\t\t\t\t\t<div class=\"elementor-element elementor-element-deaff87 eael-infobox-icon-bg-shape-none eael-infobox-icon-hover-bg-shape-none elementor-widget elementor-widget-eael-info-box\" data-id=\"deaff87\" data-element_type=\"widget\" data-e-type=\"widget\" data-widget_type=\"eael-info-box.default\">\n\t\t\t\t<div class=\"elementor-widget-container\">\n\t\t\t\t\t        <div class=\"eael-infobox icon-on-left\">\n\t            <div class=\"infobox-icon eael-icon-only\">\n\n            \n                            <div class=\"infobox-icon-wrap\">\n                    <i aria-hidden=\"true\" class=\"fas fa-info-circle\"><\/i>                <\/div>\n            \n            \n        <\/div>\n            <div class=\"infobox-content eael-icon-only\">\n                    <div class=\"infobox-title-section\">\n                <h2 class=\"title\">Les admissions sont ouvertes pour l'ann\u00e9e scolaire 2026-2027!<\/h2>            <\/div>\n                    <\/div>\n            <\/div>\n\n\t\t\t\t\t\t<\/div>\n\t\t\t\t<\/div>\n\t\t\t\t<div class=\"elementor-element elementor-element-1b4d39d4 elementor-widget elementor-widget-text-editor\" data-id=\"1b4d39d4\" data-element_type=\"widget\" data-e-type=\"widget\" data-widget_type=\"text-editor.default\">\n\t\t\t\t<div class=\"elementor-widget-container\">\n\t\t\t\t\t\t\t\t\t<p><strong>Les admissions sont ouvertes pour l&rsquo;ann\u00e9e scolaire 2026-2027. <\/strong><\/p>\n<p>Vous pouvez t\u00e9l\u00e9charger notre dossier d&rsquo;inscription ci-dessous, et nous le retourner compl\u00e9t\u00e9 pour examen par l&rsquo;\u00e9quipe p\u00e9dagogique.<\/p>\n<p>Il n&rsquo;y a pas de conditions d&rsquo;admissions pour les enfants d&rsquo;\u00e2ge maternelle Toute Petite \u00e0 Moyenne Section (n\u00e9s entre 2024 et 2022).<\/p>\n<p>Une \u00e9valuation en anglais et en math\u00e9matiques pourra \u00eatre demand\u00e9e pour le \u00e9l\u00e8ves entrant en classes de primaire.<\/p>\n<p>Veuillez <a href=\"https:\/\/www.malherbe-school.com\/fr\/nous-contacter\/\">contacter la directrice <\/a>pour plus d&rsquo;informations sur les admissions.<\/p>\n<p>Nous accueillons les \u00e9l\u00e8ves d\u00e8s <b>2 ans<\/b> (ou qui auront 2 ans avant le 31 d\u00e9cembre pour une rentr\u00e9e en septembre) <b> jusqu&rsquo;au CM2 <\/b> (Year 6; grade).<\/p>\n<p>L&rsquo;ann\u00e9e scolaire d\u00e9bute d\u00e9but septembre et se termine d\u00e9but juillet. <\/p>\n<p>Malherbe International School <b>accepte les candidatures tout au long de l&rsquo;ann\u00e9e scolaire<\/b>. Nous avons l&rsquo;habitude d&rsquo;accueillir des \u00e9l\u00e8ves <strong>en cours d&rsquo;ann\u00e9e scolaire<\/strong> suite \u00e0 une arriv\u00e9e de l&rsquo;\u00e9tranger. Il nous reste des places dans certaines de nos classes pour une inscription en cours d&rsquo;ann\u00e9e pour l&rsquo;ann\u00e9e scolaire 2024-2025. Nous sommes impatients de rencontrer les futurs \u00e9l\u00e8ves et leurs familles.<\/p>\n<p>Nos <a href=\"https:\/\/www.malherbe-school.com\/fr\/procedure-d-admission\/tarifs\/\">frais de scolarit\u00e9 <\/a>sont d\u00e9taill\u00e9s ici.<\/p>\n<p>Les \u00e9l\u00e8ves voulant rejoindre notre <a href=\"https:\/\/www.malherbe-school.com\/fr\/maternelle\/section-espagnole\/\">section espagnole<\/a> pour les 3-5 ans doivent avoir une exposition p\u00e9alable \u00e0 la langue espagnole.<\/p>\n\t\t\t\t\t\t\t\t<\/div>\n\t\t\t\t<\/div>\n\t\t\t\t<div class=\"elementor-element elementor-element-f4eece6 elementor-cta--skin-cover elementor-cta--valign-middle elementor-widget elementor-widget-call-to-action\" data-id=\"f4eece6\" data-element_type=\"widget\" data-e-type=\"widget\" data-widget_type=\"call-to-action.default\">\n\t\t\t\t<div class=\"elementor-widget-container\">\n\t\t\t\t\t\t\t<div class=\"elementor-cta\">\n\t\t\t\t\t<div class=\"elementor-cta__bg-wrapper\">\n\t\t\t\t<div class=\"elementor-cta__bg elementor-bg\" style=\"background-image: url(https:\/\/www.malherbe-school.com\/wp-content\/uploads\/2021\/12\/school-1024x678.jpg);\" role=\"img\" aria-label=\"school\"><\/div>\n\t\t\t\t<div class=\"elementor-cta__bg-overlay\"><\/div>\n\t\t\t<\/div>\n\t\t\t\t\t\t\t<div class=\"elementor-cta__content\">\n\t\t\t\t\n\t\t\t\t\t\t\t\t\t<h2 class=\"elementor-cta__title elementor-cta__content-item elementor-content-item\">\n\t\t\t\t\t\tContactez notre directrice\t\t\t\t\t<\/h2>\n\t\t\t\t\n\t\t\t\t\t\t\t\t\t<div class=\"elementor-cta__description elementor-cta__content-item elementor-content-item\">\n\t\t\t\t\t\t<p>Ms Anne-Claire Malherbe<\/p>\n\t\t\t\t\t<\/div>\n\t\t\t\t\n\t\t\t\t\t\t\t\t\t<div class=\"elementor-cta__button-wrapper elementor-cta__content-item elementor-content-item \">\n\t\t\t\t\t<a class=\"elementor-cta__button elementor-button elementor-size-\" href=\"mailto:principal@malherbe-school.com\" rel=\"nofollow\">\n\t\t\t\t\t\tprincipal@malherbe-school.com\t\t\t\t\t<\/a>\n\t\t\t\t\t<\/div>\n\t\t\t\t\t\t\t<\/div>\n\t\t\t\t\t\t\t<div class=\"elementor-ribbon elementor-ribbon-left\">\n\t\t\t\t<div class=\"elementor-ribbon-inner\">\n\t\t\t\t\tPrenez contact avec nous\t\t\t\t<\/div>\n\t\t\t<\/div>\n\t\t\t\t<\/div>\n\t\t\t\t\t\t<\/div>\n\t\t\t\t<\/div>\n\t\t\t\t<div class=\"elementor-element elementor-element-c808a55 elementor-widget elementor-widget-text-editor\" data-id=\"c808a55\" data-element_type=\"widget\" data-e-type=\"widget\" data-widget_type=\"text-editor.default\">\n\t\t\t\t<div class=\"elementor-widget-container\">\n\t\t\t\t\t\t\t\t\t<h4>Conditions d&rsquo;inscription<\/h4>\n<p>Malherbe International School accueille des \u00e9l\u00e8ves de tous horizons scolaires et linguistiques. Une connaissance pr\u00e9alable du fran\u00e7ais n\u2019est pas requise car nous proposons des cours de fran\u00e7ais langue \u00e9trang\u00e8re \u00e0 nos \u00e9l\u00e8ves non francophones. <\/p>\n<p>Les documents suivants doivent \u00eatre soumis avec votre candidature :<\/p>\n<ul>\n<li>Formulaire d&rsquo;inscription<\/li>\n<li>2 derniers bulletins scolaires pour les enfants entrant en Grande Section jusqu&rsquo;au CM2 (Year 1 \u00e0 Year 6).<\/li>\n<li>Formulaire d\u2019\u00e9valuation de l&rsquo;enseignant de la classe actuelle pour les \u00e9l\u00e8ves de la Grande Section jusqu&rsquo;au CM2<\/li>\n<li>Exemple d&rsquo;expression \u00e9crite r\u00e9alis\u00e9e en classe pour les \u00e9l\u00e8ves entrant en CE1 au CM2 (Year 3 \u00e0 Year 6).<\/li>\n<\/ul>\n<p>Nous n\u2019avons aucune exigence de niveau pour les enfants entrant en classes de maternelle.<\/p>\n<p>Pour les candidats en classes \u00e9l\u00e9mentaires vivant localement, une courte \u00e9valuation du niveau en anglais et en math\u00e9matiques peut \u00eatre demand\u00e9e.<\/p>\n\t\t\t\t\t\t\t\t<\/div>\n\t\t\t\t<\/div>\n\t\t\t\t<div class=\"elementor-element elementor-element-528c504 elementor-widget elementor-widget-heading\" data-id=\"528c504\" data-element_type=\"widget\" data-e-type=\"widget\" data-widget_type=\"heading.default\">\n\t\t\t\t<div class=\"elementor-widget-container\">\n\t\t\t\t\t<h3 class=\"elementor-heading-title elementor-size-default\">Dossier d'inscription<\/h3>\t\t\t\t<\/div>\n\t\t\t\t<\/div>\n\t\t\t\t<div class=\"elementor-element elementor-element-1ace704 elementor-align-center elementor-widget elementor-widget-jet-download-button\" data-id=\"1ace704\" data-element_type=\"widget\" data-e-type=\"widget\" data-widget_type=\"jet-download-button.default\">\n\t\t\t\t<div class=\"elementor-widget-container\">\n\t\t\t\t\t<div class=\"elementor-jet-download-button jet-elements\"><a class=\"elementor-button elementor-size-md jet-download jet-download-icon-position-left\" data-e-disable-page-transition=\"true\" href=\"https:\/\/www.malherbe-school.com\/fr\/?jet_download=0168317dc2478f1c986246975095ac7400fd13c2\"  rel=\"nofollow\"><span class=\"jet-download__icon jet-download-icon-left jet-elements-icon\"><i aria-hidden=\"true\" class=\"fas fa-file-pdf\"><\/i><\/span><span class=\"jet-download__text\"><span class=\"jet-download__label\">T\u00e9l\u00e9chargez notre dossier de candidature ici<\/span><span class=\"jet-download__file-name\"><\/span><small class=\"jet-download__sub-label\"><\/small><\/span><\/a>\n<\/div>\t\t\t\t<\/div>\n\t\t\t\t<\/div>\n\t\t\t\t<div class=\"elementor-element elementor-element-276cb35 elementor-widget elementor-widget-heading\" data-id=\"276cb35\" data-element_type=\"widget\" data-e-type=\"widget\" data-widget_type=\"heading.default\">\n\t\t\t\t<div class=\"elementor-widget-container\">\n\t\t\t\t\t<h3 class=\"elementor-heading-title elementor-size-default\">Les admissions sont ouvertes pour l'ann\u00e9e scolaire 2026-2027<\/h3>\t\t\t\t<\/div>\n\t\t\t\t<\/div>\n\t\t\t\t\t<\/div>\n\t\t<\/div>\n\t\t\t\t\t<\/div>\n\t\t<\/section>\n\t\t\t\t<section class=\"elementor-section elementor-top-section elementor-element elementor-element-4956817 elementor-section-boxed elementor-section-height-default elementor-section-height-default\" data-id=\"4956817\" data-element_type=\"section\" data-e-type=\"section\" data-settings=\"{&quot;jet_parallax_layout_list&quot;:[{&quot;jet_parallax_layout_image&quot;:{&quot;url&quot;:&quot;&quot;,&quot;id&quot;:&quot;&quot;,&quot;size&quot;:&quot;&quot;},&quot;_id&quot;:&quot;5bc4785&quot;,&quot;jet_parallax_layout_image_tablet&quot;:{&quot;url&quot;:&quot;&quot;,&quot;id&quot;:&quot;&quot;,&quot;size&quot;:&quot;&quot;},&quot;jet_parallax_layout_image_mobile&quot;:{&quot;url&quot;:&quot;&quot;,&quot;id&quot;:&quot;&quot;,&quot;size&quot;:&quot;&quot;},&quot;jet_parallax_layout_speed&quot;:{&quot;unit&quot;:&quot;%&quot;,&quot;size&quot;:50,&quot;sizes&quot;:[]},&quot;jet_parallax_layout_type&quot;:&quot;scroll&quot;,&quot;jet_parallax_layout_direction&quot;:null,&quot;jet_parallax_layout_fx_direction&quot;:null,&quot;jet_parallax_layout_z_index&quot;:&quot;&quot;,&quot;jet_parallax_layout_bg_x&quot;:50,&quot;jet_parallax_layout_bg_x_tablet&quot;:&quot;&quot;,&quot;jet_parallax_layout_bg_x_mobile&quot;:&quot;&quot;,&quot;jet_parallax_layout_bg_y&quot;:50,&quot;jet_parallax_layout_bg_y_tablet&quot;:&quot;&quot;,&quot;jet_parallax_layout_bg_y_mobile&quot;:&quot;&quot;,&quot;jet_parallax_layout_bg_size&quot;:&quot;auto&quot;,&quot;jet_parallax_layout_bg_size_tablet&quot;:&quot;&quot;,&quot;jet_parallax_layout_bg_size_mobile&quot;:&quot;&quot;,&quot;jet_parallax_layout_animation_prop&quot;:&quot;transform&quot;,&quot;jet_parallax_layout_on&quot;:[&quot;desktop&quot;,&quot;tablet&quot;]}]}\">\n\t\t\t\t\t\t<div class=\"elementor-container elementor-column-gap-default\">\n\t\t\t\t\t<div class=\"elementor-column elementor-col-100 elementor-top-column elementor-element elementor-element-cb22873\" data-id=\"cb22873\" data-element_type=\"column\" data-e-type=\"column\">\n\t\t\t<div class=\"elementor-widget-wrap elementor-element-populated\">\n\t\t\t\t\t\t<div class=\"elementor-element elementor-element-04ccc6f elementor-widget elementor-widget-text-editor\" data-id=\"04ccc6f\" data-element_type=\"widget\" data-e-type=\"widget\" data-widget_type=\"text-editor.default\">\n\t\t\t\t<div class=\"elementor-widget-container\">\n\t\t\t\t\t\t\t\t\t<p>La <strong>taille r\u00e9duite de nos classes <\/strong>permet \u00e0 l&rsquo;\u00e9cole de s&rsquo;adapter \u00e0 de nombreux profils d&rsquo;\u00e9l\u00e8ves et peut \u00eatre adapt\u00e9e dans certaines circonstances pour apporter un soutien suppl\u00e9mentaire si n\u00e9cessaire. Cela inclut \u00e9galement des \u00e9l\u00e8ves de niveaux acad\u00e9miques divers.<\/p>\n<p>Les d\u00e9cisions relatives \u00e0 l&rsquo;admission d&rsquo;enfants ayant des besoins \u00e9ducatifs sp\u00e9ciaux sont prises par la direction de l&rsquo;\u00e9cole en fonction de la mesure dans laquelle l&rsquo;\u00e9cole est capable de r\u00e9pondre aux besoins de l&rsquo;\u00e9l\u00e8ve. Des \u00e9valuations individuelles sont n\u00e9cessaires pour ces \u00e9l\u00e8ves et l&rsquo;\u00e9cole demandera un rapport r\u00e9cent d&rsquo;un psychologue scolaire pour s&rsquo;assurer que l&rsquo;\u00e9cole peut r\u00e9pondre aux besoins de l&rsquo;\u00e9l\u00e8ve.<\/p>\n\t\t\t\t\t\t\t\t<\/div>\n\t\t\t\t<\/div>\n\t\t\t\t\t<\/div>\n\t\t<\/div>\n\t\t\t\t\t<\/div>\n\t\t<\/section>\n\t\t\t\t<\/div>\n\t\t","protected":false},"excerpt":{"rendered":"<p>Proc\u00e9dure d&rsquo;admission Les admissions sont ouvertes pour l&rsquo;ann\u00e9e scolaire 2026-2027! Les admissions sont ouvertes pour l&rsquo;ann\u00e9e scolaire 2026-2027. Vous pouvez t\u00e9l\u00e9charger notre dossier d&rsquo;inscription ci-dessous, et nous le retourner compl\u00e9t\u00e9 pour examen par l&rsquo;\u00e9quipe p\u00e9dagogique. Il n&rsquo;y a pas de conditions d&rsquo;admissions pour les enfants d&rsquo;\u00e2ge maternelle Toute Petite \u00e0 Moyenne Section (n\u00e9s entre 2024 [&hellip;]<\/p>\n","protected":false},"author":1,"featured_media":0,"parent":0,"menu_order":30,"comment_status":"closed","ping_status":"closed","template":"elementor_header_footer","meta":{"footnotes":""},"class_list":["post-2586","page","type-page","status-publish","hentry"],"_links":{"self":[{"href":"https:\/\/www.malherbe-school.com\/fr\/wp-json\/wp\/v2\/pages\/2586","targetHints":{"allow":["GET"]}}],"collection":[{"href":"https:\/\/www.malherbe-school.com\/fr\/wp-json\/wp\/v2\/pages"}],"about":[{"href":"https:\/\/www.malherbe-school.com\/fr\/wp-json\/wp\/v2\/types\/page"}],"author":[{"embeddable":true,"href":"https:\/\/www.malherbe-school.com\/fr\/wp-json\/wp\/v2\/users\/1"}],"replies":[{"embeddable":true,"href":"https:\/\/www.malherbe-school.com\/fr\/wp-json\/wp\/v2\/comments?post=2586"}],"version-history":[{"count":45,"href":"https:\/\/www.malherbe-school.com\/fr\/wp-json\/wp\/v2\/pages\/2586\/revisions"}],"predecessor-version":[{"id":5883,"href":"https:\/\/www.malherbe-school.com\/fr\/wp-json\/wp\/v2\/pages\/2586\/revisions\/5883"}],"wp:attachment":[{"href":"https:\/\/www.malherbe-school.com\/fr\/wp-json\/wp\/v2\/media?parent=2586"}],"curies":[{"name":"wp","href":"https:\/\/api.w.org\/{rel}","templated":true}]}}