{"id":2670,"date":"2023-06-16T08:44:32","date_gmt":"2023-06-16T06:44:32","guid":{"rendered":"https:\/\/www.malherbe-school.com\/?page_id=2670"},"modified":"2024-09-12T09:38:18","modified_gmt":"2024-09-12T07:38:18","slug":"section-espagnole","status":"publish","type":"page","link":"https:\/\/www.malherbe-school.com\/fr\/maternelle\/section-espagnole\/","title":{"rendered":"Section Espagnole"},"content":{"rendered":"\t\t<div data-elementor-type=\"wp-page\" data-elementor-id=\"2670\" class=\"elementor elementor-2670 elementor-2669\" data-elementor-post-type=\"page\">\n\t\t\t\t\t\t<section class=\"elementor-section elementor-top-section elementor-element elementor-element-719ad251 elementor-section-boxed elementor-section-height-default elementor-section-height-default\" data-id=\"719ad251\" data-element_type=\"section\" data-e-type=\"section\" data-settings=\"{&quot;background_background&quot;:&quot;slideshow&quot;,&quot;background_slideshow_gallery&quot;:[{&quot;id&quot;:562,&quot;url&quot;:&quot;https:\\\/\\\/www.malherbe-school.com\\\/wp-content\\\/uploads\\\/2021\\\/12\\\/nursery-and-preschool-learning.jpg&quot;}],&quot;jet_parallax_layout_list&quot;:[{&quot;jet_parallax_layout_image&quot;:{&quot;url&quot;:&quot;&quot;,&quot;id&quot;:&quot;&quot;,&quot;size&quot;:&quot;&quot;},&quot;_id&quot;:&quot;e496b3a&quot;,&quot;jet_parallax_layout_image_tablet&quot;:{&quot;url&quot;:&quot;&quot;,&quot;id&quot;:&quot;&quot;,&quot;size&quot;:&quot;&quot;},&quot;jet_parallax_layout_image_mobile&quot;:{&quot;url&quot;:&quot;&quot;,&quot;id&quot;:&quot;&quot;,&quot;size&quot;:&quot;&quot;},&quot;jet_parallax_layout_speed&quot;:{&quot;unit&quot;:&quot;%&quot;,&quot;size&quot;:50,&quot;sizes&quot;:[]},&quot;jet_parallax_layout_type&quot;:&quot;scroll&quot;,&quot;jet_parallax_layout_direction&quot;:null,&quot;jet_parallax_layout_fx_direction&quot;:null,&quot;jet_parallax_layout_z_index&quot;:&quot;&quot;,&quot;jet_parallax_layout_bg_x&quot;:50,&quot;jet_parallax_layout_bg_x_tablet&quot;:&quot;&quot;,&quot;jet_parallax_layout_bg_x_mobile&quot;:&quot;&quot;,&quot;jet_parallax_layout_bg_y&quot;:50,&quot;jet_parallax_layout_bg_y_tablet&quot;:&quot;&quot;,&quot;jet_parallax_layout_bg_y_mobile&quot;:&quot;&quot;,&quot;jet_parallax_layout_bg_size&quot;:&quot;auto&quot;,&quot;jet_parallax_layout_bg_size_tablet&quot;:&quot;&quot;,&quot;jet_parallax_layout_bg_size_mobile&quot;:&quot;&quot;,&quot;jet_parallax_layout_animation_prop&quot;:&quot;transform&quot;,&quot;jet_parallax_layout_on&quot;:[&quot;desktop&quot;,&quot;tablet&quot;]}],&quot;background_slideshow_loop&quot;:&quot;yes&quot;,&quot;background_slideshow_slide_duration&quot;:5000,&quot;background_slideshow_slide_transition&quot;:&quot;fade&quot;,&quot;background_slideshow_transition_duration&quot;:500}\">\n\t\t\t\t\t\t\t<div class=\"elementor-background-overlay\"><\/div>\n\t\t\t\t\t\t\t<div class=\"elementor-container elementor-column-gap-default\">\n\t\t\t\t\t<div class=\"elementor-column elementor-col-100 elementor-top-column elementor-element elementor-element-7806db39\" data-id=\"7806db39\" data-element_type=\"column\" data-e-type=\"column\" data-settings=\"{&quot;background_background&quot;:&quot;slideshow&quot;,&quot;background_slideshow_gallery&quot;:[],&quot;background_slideshow_loop&quot;:&quot;yes&quot;,&quot;background_slideshow_slide_duration&quot;:5000,&quot;background_slideshow_slide_transition&quot;:&quot;fade&quot;,&quot;background_slideshow_transition_duration&quot;:500}\">\n\t\t\t<div class=\"elementor-widget-wrap elementor-element-populated\">\n\t\t\t\t\t\t<div class=\"elementor-element elementor-element-3218cb12 elementor-widget elementor-widget-heading\" data-id=\"3218cb12\" data-element_type=\"widget\" data-e-type=\"widget\" data-widget_type=\"heading.default\">\n\t\t\t\t<div class=\"elementor-widget-container\">\n\t\t\t\t\t<h1 class=\"elementor-heading-title elementor-size-default\">Section Espagnole<\/h1>\t\t\t\t<\/div>\n\t\t\t\t<\/div>\n\t\t\t\t\t<\/div>\n\t\t<\/div>\n\t\t\t\t\t<\/div>\n\t\t<\/section>\n\t\t\t\t<section class=\"elementor-section elementor-top-section elementor-element elementor-element-3614dbf elementor-section-boxed elementor-section-height-default elementor-section-height-default\" data-id=\"3614dbf\" data-element_type=\"section\" data-e-type=\"section\" data-settings=\"{&quot;background_background&quot;:&quot;classic&quot;,&quot;jet_parallax_layout_list&quot;:[{&quot;jet_parallax_layout_image&quot;:{&quot;url&quot;:&quot;&quot;,&quot;id&quot;:&quot;&quot;,&quot;size&quot;:&quot;&quot;},&quot;_id&quot;:&quot;6bb85c7&quot;,&quot;jet_parallax_layout_image_tablet&quot;:{&quot;url&quot;:&quot;&quot;,&quot;id&quot;:&quot;&quot;,&quot;size&quot;:&quot;&quot;},&quot;jet_parallax_layout_image_mobile&quot;:{&quot;url&quot;:&quot;&quot;,&quot;id&quot;:&quot;&quot;,&quot;size&quot;:&quot;&quot;},&quot;jet_parallax_layout_speed&quot;:{&quot;unit&quot;:&quot;%&quot;,&quot;size&quot;:50,&quot;sizes&quot;:[]},&quot;jet_parallax_layout_type&quot;:&quot;scroll&quot;,&quot;jet_parallax_layout_direction&quot;:null,&quot;jet_parallax_layout_fx_direction&quot;:null,&quot;jet_parallax_layout_z_index&quot;:&quot;&quot;,&quot;jet_parallax_layout_bg_x&quot;:50,&quot;jet_parallax_layout_bg_x_tablet&quot;:&quot;&quot;,&quot;jet_parallax_layout_bg_x_mobile&quot;:&quot;&quot;,&quot;jet_parallax_layout_bg_y&quot;:50,&quot;jet_parallax_layout_bg_y_tablet&quot;:&quot;&quot;,&quot;jet_parallax_layout_bg_y_mobile&quot;:&quot;&quot;,&quot;jet_parallax_layout_bg_size&quot;:&quot;auto&quot;,&quot;jet_parallax_layout_bg_size_tablet&quot;:&quot;&quot;,&quot;jet_parallax_layout_bg_size_mobile&quot;:&quot;&quot;,&quot;jet_parallax_layout_animation_prop&quot;:&quot;transform&quot;,&quot;jet_parallax_layout_on&quot;:[&quot;desktop&quot;,&quot;tablet&quot;]}]}\">\n\t\t\t\t\t\t<div class=\"elementor-container elementor-column-gap-default\">\n\t\t\t\t\t<div class=\"elementor-column elementor-col-66 elementor-top-column elementor-element elementor-element-53a9850\" data-id=\"53a9850\" data-element_type=\"column\" data-e-type=\"column\">\n\t\t\t<div class=\"elementor-widget-wrap elementor-element-populated\">\n\t\t\t\t\t\t<div class=\"elementor-element elementor-element-e29fd51 elementor-widget elementor-widget-text-editor\" data-id=\"e29fd51\" data-element_type=\"widget\" data-e-type=\"widget\" data-widget_type=\"text-editor.default\">\n\t\t\t\t<div class=\"elementor-widget-container\">\n\t\t\t\t\t\t\t\t\t<h5>Secci\u00f3n espa\u00f1ola &#8211; Nivel infantil<\/h5>\n<p>La secci\u00f3n espa\u00f1ola est\u00e1 dedicada a ni\u00f1os hispanohablantes de entre 3 y 5 a\u00f1os, correspondiendo a las clases de Maternelle francesas o Educaci\u00f3n Infantil.<\/p>\n<p>El prop\u00f3sito de la clase es de desarrollar el dominio del idioma castellano en ni\u00f1os que ya hablan castellano mediante juegos, actividades y canciones. Tambi\u00e9n se empezar\u00e1 un aprendizaje del castellano escrito y de los sonidos propios al espa\u00f1ol.<\/p>\n<p>El programa tiene lugar los mi\u00e9rcoles de las 9h a las 16h, y est\u00e1 abierto tanto a alumnos de Malherbe International School como a ni\u00f1os de otras escuelas. Para los chicos que lo desean, hay posibilidad de venir media jornada en vez del d\u00eda completo.<\/p>\n<p>Tambi\u00e9n tenemos un servicio de guarder\u00eda a partir de las 8h20 y hasta las 17h.<\/p>\n<p>Nuestra secci\u00f3n espa\u00f1ola est\u00e1 abierta a ni\u00f1os que ya tienen una exposici\u00f3n al idioma espa\u00f1ol, ya sea porque vienen de familias hispanohablantes o porque han vivido en un pa\u00eds hispanohablante.<\/p>\n<p>Aqu\u00ed pueden encontrar el<a href=\"https:\/\/www.malherbe-school.com\/wp-content\/uploads\/2024\/03\/Dossier-dinscription-Section-Espagnole-24-25.pdf\"> formulario de inscripci\u00f3n y nuestras tarifas<\/a>. <\/p>\n<p>Nuestro programa sirve de buena preparaci\u00f3n para la admisi\u00f3n de los alumnos al programa de la secci\u00f3n espa\u00f1ola del Lyc\u00e9e International de St Germain en Laye en clase de CP (Primero de primaria). Puede encontrar m\u00e1s informaci\u00f3n sobre el mismo en este enlace:<br \/><a href=\"https:\/\/www.educacionyfp.gob.es\/francia\/seccion-st-germaine-en-laye\/portada.html\" target=\"_blank\" rel=\"noopener\">https:\/\/www.educacionyfp.gob.es\/francia\/seccion-st-germaine-en-laye\/portada.html<\/a><\/p>\n<p><img decoding=\"async\" src=\"https:\/\/www.malherbe-school.com\/wp-content\/uploads\/2022\/05\/Spanish-1-223x300.jpg\" alt=\"\" width=\"147\" height=\"198\"> <img decoding=\"async\" src=\"https:\/\/www.malherbe-school.com\/wp-content\/uploads\/2022\/05\/Spanish-2-288x300.jpg\" alt=\"\" width=\"189\" height=\"196\"> <img decoding=\"async\" src=\"https:\/\/www.malherbe-school.com\/wp-content\/uploads\/2022\/05\/Spanish-3-225x300.jpg\" alt=\"\" width=\"148\" height=\"198\"> <img loading=\"lazy\" decoding=\"async\" src=\"https:\/\/www.malherbe-school.com\/wp-content\/uploads\/2022\/05\/Spanish-4-226x300.jpg\" alt=\"\" width=\"148\" height=\"196\"><\/p>\n\t\t\t\t\t\t\t\t<\/div>\n\t\t\t\t<\/div>\n\t\t\t\t\t<\/div>\n\t\t<\/div>\n\t\t\t\t<div class=\"elementor-column elementor-col-33 elementor-top-column elementor-element elementor-element-5443e7c5\" data-id=\"5443e7c5\" data-element_type=\"column\" data-e-type=\"column\">\n\t\t\t<div class=\"elementor-widget-wrap elementor-element-populated\">\n\t\t\t\t\t\t<div class=\"elementor-element elementor-element-4730be6d elementor-widget elementor-widget-heading\" data-id=\"4730be6d\" data-element_type=\"widget\" data-e-type=\"widget\" data-widget_type=\"heading.default\">\n\t\t\t\t<div class=\"elementor-widget-container\">\n\t\t\t\t\t<h4 class=\"elementor-heading-title elementor-size-default\">Vous avez une question ? <\/h4>\t\t\t\t<\/div>\n\t\t\t\t<\/div>\n\t\t\t\t<div class=\"elementor-element elementor-element-661f4adc elementor-align-center elementor-icon-list--layout-traditional elementor-list-item-link-full_width elementor-widget elementor-widget-icon-list\" data-id=\"661f4adc\" data-element_type=\"widget\" data-e-type=\"widget\" data-widget_type=\"icon-list.default\">\n\t\t\t\t<div class=\"elementor-widget-container\">\n\t\t\t\t\t\t\t<ul class=\"elementor-icon-list-items\">\n\t\t\t\t\t\t\t<li class=\"elementor-icon-list-item\">\n\t\t\t\t\t\t\t\t\t\t\t<a href=\"tel:+33-(0)1-39-76-47-37\">\n\n\t\t\t\t\t\t\t\t\t\t\t\t<span class=\"elementor-icon-list-icon\">\n\t\t\t\t\t\t\t<i aria-hidden=\"true\" class=\"fas fa-phone\"><\/i>\t\t\t\t\t\t<\/span>\n\t\t\t\t\t\t\t\t\t\t<span class=\"elementor-icon-list-text\">+33-(0)1-39-76-47-37<\/span>\n\t\t\t\t\t\t\t\t\t\t\t<\/a>\n\t\t\t\t\t\t\t\t\t<\/li>\n\t\t\t\t\t\t\t\t<li class=\"elementor-icon-list-item\">\n\t\t\t\t\t\t\t\t\t\t\t<a href=\"mailto:assistant@malherbe-school.com\">\n\n\t\t\t\t\t\t\t\t\t\t\t\t<span class=\"elementor-icon-list-icon\">\n\t\t\t\t\t\t\t<i aria-hidden=\"true\" class=\"fas fa-envelope\"><\/i>\t\t\t\t\t\t<\/span>\n\t\t\t\t\t\t\t\t\t\t<span class=\"elementor-icon-list-text\">Envoyez-nous un courriel<\/span>\n\t\t\t\t\t\t\t\t\t\t\t<\/a>\n\t\t\t\t\t\t\t\t\t<\/li>\n\t\t\t\t\t\t\t\t<li class=\"elementor-icon-list-item\">\n\t\t\t\t\t\t\t\t\t\t\t<a href=\"https:\/\/www.google.com\/maps\/search\/?api=1&#038;query=19-21%20rue%20du%2011%20novembre%2078110%20Le%20V%C3%A9sinet\" target=\"_blank\" rel=\"noopener\">\n\n\t\t\t\t\t\t\t\t\t\t\t\t<span class=\"elementor-icon-list-icon\">\n\t\t\t\t\t\t\t<i aria-hidden=\"true\" class=\"fas fa-map-pin\"><\/i>\t\t\t\t\t\t<\/span>\n\t\t\t\t\t\t\t\t\t\t<span class=\"elementor-icon-list-text\">19-21 rue du 11 Novembre<br>78110 Le V\u00e9sinet<\/span>\n\t\t\t\t\t\t\t\t\t\t\t<\/a>\n\t\t\t\t\t\t\t\t\t<\/li>\n\t\t\t\t\t\t<\/ul>\n\t\t\t\t\t\t<\/div>\n\t\t\t\t<\/div>\n\t\t\t\t\t<\/div>\n\t\t<\/div>\n\t\t\t\t\t<\/div>\n\t\t<\/section>\n\t\t\t\t<section class=\"elementor-section elementor-top-section elementor-element elementor-element-fcc8d8b elementor-section-boxed elementor-section-height-default elementor-section-height-default\" data-id=\"fcc8d8b\" data-element_type=\"section\" data-e-type=\"section\" data-settings=\"{&quot;background_background&quot;:&quot;classic&quot;,&quot;jet_parallax_layout_list&quot;:[{&quot;jet_parallax_layout_image&quot;:{&quot;url&quot;:&quot;&quot;,&quot;id&quot;:&quot;&quot;,&quot;size&quot;:&quot;&quot;},&quot;_id&quot;:&quot;6bb85c7&quot;,&quot;jet_parallax_layout_image_tablet&quot;:{&quot;url&quot;:&quot;&quot;,&quot;id&quot;:&quot;&quot;,&quot;size&quot;:&quot;&quot;},&quot;jet_parallax_layout_image_mobile&quot;:{&quot;url&quot;:&quot;&quot;,&quot;id&quot;:&quot;&quot;,&quot;size&quot;:&quot;&quot;},&quot;jet_parallax_layout_speed&quot;:{&quot;unit&quot;:&quot;%&quot;,&quot;size&quot;:50,&quot;sizes&quot;:[]},&quot;jet_parallax_layout_type&quot;:&quot;scroll&quot;,&quot;jet_parallax_layout_direction&quot;:null,&quot;jet_parallax_layout_fx_direction&quot;:null,&quot;jet_parallax_layout_z_index&quot;:&quot;&quot;,&quot;jet_parallax_layout_bg_x&quot;:50,&quot;jet_parallax_layout_bg_x_tablet&quot;:&quot;&quot;,&quot;jet_parallax_layout_bg_x_mobile&quot;:&quot;&quot;,&quot;jet_parallax_layout_bg_y&quot;:50,&quot;jet_parallax_layout_bg_y_tablet&quot;:&quot;&quot;,&quot;jet_parallax_layout_bg_y_mobile&quot;:&quot;&quot;,&quot;jet_parallax_layout_bg_size&quot;:&quot;auto&quot;,&quot;jet_parallax_layout_bg_size_tablet&quot;:&quot;&quot;,&quot;jet_parallax_layout_bg_size_mobile&quot;:&quot;&quot;,&quot;jet_parallax_layout_animation_prop&quot;:&quot;transform&quot;,&quot;jet_parallax_layout_on&quot;:[&quot;desktop&quot;,&quot;tablet&quot;]}]}\">\n\t\t\t\t\t\t<div class=\"elementor-container elementor-column-gap-default\">\n\t\t\t\t\t<div class=\"elementor-column elementor-col-100 elementor-top-column elementor-element elementor-element-f06e85f\" data-id=\"f06e85f\" data-element_type=\"column\" data-e-type=\"column\">\n\t\t\t<div class=\"elementor-widget-wrap elementor-element-populated\">\n\t\t\t\t\t\t<div class=\"elementor-element elementor-element-d857904 elementor-widget elementor-widget-text-editor\" data-id=\"d857904\" data-element_type=\"widget\" data-e-type=\"widget\" data-widget_type=\"text-editor.default\">\n\t\t\t\t<div class=\"elementor-widget-container\">\n\t\t\t\t\t\t\t\t\t<h5>Section espagnole &#8211; niveau maternelle<\/h5>\n<p>Nous accueillons les enfants hispanophones de 3 \u00e0 5 ans, de la Petite \u00e0 la Grande Section de maternelle.<\/p>\n<p>L\u2019objectif de ce programme est de fournir aux enfants dont l\u2019espagnol est la langue maternelle la possibilit\u00e9 de pratiquer et de d\u00e9velopper leurs comp\u00e9tences linguistiques \u00e0 travers des jeux, des activit\u00e9s et des chansons. Nos \u00e9l\u00e8ves de 4 \u00e0 5 ans commencent aussi \u00e0 d\u00e9velopper leur connaissance des sons propres \u00e0 l&rsquo;espagnol afin de d\u00e9buter leur apprentissage de la lecture et de l&rsquo;\u00e9criture.<\/p>\n<p>Les cours ont lieu le mercredi de 9h \u00e0 16h. Le programme est ouvert aux \u00e9l\u00e8ves \u00e0 temps complet de Malherbe International School qui combinent ce programme avec les cours en anglais assur\u00e9s les 4 autres jours de la semaine, ainsi qu&rsquo;aux \u00e9l\u00e8ves scolaris\u00e9s dans une autre \u00e9cole. Les enfant peuvent \u00e9galement venir en demi-journ\u00e9e, le matin ou l&rsquo;apr\u00e8s-midi.<\/p>\n<p>Nous disposons d&rsquo;une garderie le matin \u00e0 partir de 8h20 et jusqu&rsquo;\u00e0 17h. l&rsquo;apr\u00e8s-midi.<\/p>\n<p>Notre section espagnole est ouverte aux enfants qui ont d\u00e9j\u00e0 une exposition \u00e0 la langue espagnole, soit parce qu\u2019ils sont de familles hispanophones, soit parce qu\u2019ils ont v\u00e9cu dans un pays hispanophone.<\/p>\n<p>Notre <a href=\"https:\/\/www.malherbe-school.com\/wp-content\/uploads\/2024\/03\/Dossier-dinscription-Section-Espagnole-24-25.pdf\">dossier d&rsquo;inscription <\/a> est disponible ici. <\/p>\n<p>Notre programme sert de bonne pr\u00e9paration pour l&rsquo;admission des \u00e9l\u00e8ves \u00e0 la section espagnole du Lyc\u00e9e International de Saint Germain en Laye en classe de CP. <br \/>Vous pouvez trouver davantage d&rsquo;informations sur ce programme ici: <br \/><a href=\"https:\/\/www.educacionyfp.gob.es\/francia\/seccion-st-germaine-en-laye\/portada.html\" target=\"_blank\" rel=\"noopener\">https:\/\/www.educacionyfp.gob.es\/francia\/seccion-st-germaine-en-laye\/portada.html<\/a><\/p>\n\t\t\t\t\t\t\t\t<\/div>\n\t\t\t\t<\/div>\n\t\t\t\t\t<\/div>\n\t\t<\/div>\n\t\t\t\t\t<\/div>\n\t\t<\/section>\n\t\t\t\t<section class=\"elementor-section elementor-top-section elementor-element elementor-element-14f8f182 elementor-section-boxed elementor-section-height-default elementor-section-height-default\" data-id=\"14f8f182\" data-element_type=\"section\" data-e-type=\"section\" data-settings=\"{&quot;background_background&quot;:&quot;classic&quot;,&quot;jet_parallax_layout_list&quot;:[{&quot;jet_parallax_layout_image&quot;:{&quot;url&quot;:&quot;&quot;,&quot;id&quot;:&quot;&quot;,&quot;size&quot;:&quot;&quot;},&quot;_id&quot;:&quot;c5fb626&quot;,&quot;jet_parallax_layout_image_tablet&quot;:{&quot;url&quot;:&quot;&quot;,&quot;id&quot;:&quot;&quot;,&quot;size&quot;:&quot;&quot;},&quot;jet_parallax_layout_image_mobile&quot;:{&quot;url&quot;:&quot;&quot;,&quot;id&quot;:&quot;&quot;,&quot;size&quot;:&quot;&quot;},&quot;jet_parallax_layout_speed&quot;:{&quot;unit&quot;:&quot;%&quot;,&quot;size&quot;:50,&quot;sizes&quot;:[]},&quot;jet_parallax_layout_type&quot;:&quot;scroll&quot;,&quot;jet_parallax_layout_direction&quot;:null,&quot;jet_parallax_layout_fx_direction&quot;:null,&quot;jet_parallax_layout_z_index&quot;:&quot;&quot;,&quot;jet_parallax_layout_bg_x&quot;:50,&quot;jet_parallax_layout_bg_x_tablet&quot;:&quot;&quot;,&quot;jet_parallax_layout_bg_x_mobile&quot;:&quot;&quot;,&quot;jet_parallax_layout_bg_y&quot;:50,&quot;jet_parallax_layout_bg_y_tablet&quot;:&quot;&quot;,&quot;jet_parallax_layout_bg_y_mobile&quot;:&quot;&quot;,&quot;jet_parallax_layout_bg_size&quot;:&quot;auto&quot;,&quot;jet_parallax_layout_bg_size_tablet&quot;:&quot;&quot;,&quot;jet_parallax_layout_bg_size_mobile&quot;:&quot;&quot;,&quot;jet_parallax_layout_animation_prop&quot;:&quot;transform&quot;,&quot;jet_parallax_layout_on&quot;:[&quot;desktop&quot;,&quot;tablet&quot;]}]}\">\n\t\t\t\t\t\t<div class=\"elementor-container elementor-column-gap-no\">\n\t\t\t\t\t<div class=\"elementor-column elementor-col-66 elementor-top-column elementor-element elementor-element-508ffbfc\" data-id=\"508ffbfc\" data-element_type=\"column\" data-e-type=\"column\">\n\t\t\t<div class=\"elementor-widget-wrap elementor-element-populated\">\n\t\t\t\t\t\t<div class=\"elementor-element elementor-element-2c40a65a elementor-widget elementor-widget-heading\" data-id=\"2c40a65a\" data-element_type=\"widget\" data-e-type=\"widget\" data-widget_type=\"heading.default\">\n\t\t\t\t<div class=\"elementor-widget-container\">\n\t\t\t\t\t<h3 class=\"elementor-heading-title elementor-size-default\">Pour plus d'informations sur les admissions 2024-2025 !<\/h3>\t\t\t\t<\/div>\n\t\t\t\t<\/div>\n\t\t\t\t\t<\/div>\n\t\t<\/div>\n\t\t\t\t<div class=\"elementor-column elementor-col-33 elementor-top-column elementor-element elementor-element-380fb80a\" data-id=\"380fb80a\" data-element_type=\"column\" data-e-type=\"column\" data-settings=\"{&quot;animation&quot;:&quot;none&quot;}\">\n\t\t\t<div class=\"elementor-widget-wrap elementor-element-populated\">\n\t\t\t\t\t\t<div class=\"elementor-element elementor-element-2a214d0b elementor-align-center elementor-mobile-align-center elementor-widget elementor-widget-button\" data-id=\"2a214d0b\" data-element_type=\"widget\" data-e-type=\"widget\" data-widget_type=\"button.default\">\n\t\t\t\t<div class=\"elementor-widget-container\">\n\t\t\t\t\t\t\t\t\t<div class=\"elementor-button-wrapper\">\n\t\t\t\t\t<a class=\"elementor-button elementor-button-link elementor-size-md elementor-animation-grow\" href=\"https:\/\/www.malherbe-school.com\/fr\/nous-contacter\/\">\n\t\t\t\t\t\t<span class=\"elementor-button-content-wrapper\">\n\t\t\t\t\t\t\t\t\t<span class=\"elementor-button-text\">Nous contacter<\/span>\n\t\t\t\t\t<\/span>\n\t\t\t\t\t<\/a>\n\t\t\t\t<\/div>\n\t\t\t\t\t\t\t\t<\/div>\n\t\t\t\t<\/div>\n\t\t\t\t\t<\/div>\n\t\t<\/div>\n\t\t\t\t\t<\/div>\n\t\t<\/section>\n\t\t\t\t<\/div>\n\t\t","protected":false},"excerpt":{"rendered":"<p>Secci\u00f3n espa\u00f1ola &#8211; Nivel infantil La secci\u00f3n espa\u00f1ola est\u00e1 dedicada a ni\u00f1os hispanohablantes de entre 3 y 5 a\u00f1os, correspondiendo a las clases de Maternelle francesas o Educaci\u00f3n Infantil. El prop\u00f3sito de la clase es de desarrollar el dominio del idioma castellano en ni\u00f1os que ya hablan castellano mediante juegos, actividades y canciones. Tambi\u00e9n se [&hellip;]<\/p>\n","protected":false},"author":1,"featured_media":0,"parent":2606,"menu_order":44,"comment_status":"closed","ping_status":"closed","template":"elementor_header_footer","meta":{"footnotes":""},"class_list":["post-2670","page","type-page","status-publish","hentry"],"_links":{"self":[{"href":"https:\/\/www.malherbe-school.com\/fr\/wp-json\/wp\/v2\/pages\/2670","targetHints":{"allow":["GET"]}}],"collection":[{"href":"https:\/\/www.malherbe-school.com\/fr\/wp-json\/wp\/v2\/pages"}],"about":[{"href":"https:\/\/www.malherbe-school.com\/fr\/wp-json\/wp\/v2\/types\/page"}],"author":[{"embeddable":true,"href":"https:\/\/www.malherbe-school.com\/fr\/wp-json\/wp\/v2\/users\/1"}],"replies":[{"embeddable":true,"href":"https:\/\/www.malherbe-school.com\/fr\/wp-json\/wp\/v2\/comments?post=2670"}],"version-history":[{"count":18,"href":"https:\/\/www.malherbe-school.com\/fr\/wp-json\/wp\/v2\/pages\/2670\/revisions"}],"predecessor-version":[{"id":4646,"href":"https:\/\/www.malherbe-school.com\/fr\/wp-json\/wp\/v2\/pages\/2670\/revisions\/4646"}],"up":[{"embeddable":true,"href":"https:\/\/www.malherbe-school.com\/fr\/wp-json\/wp\/v2\/pages\/2606"}],"wp:attachment":[{"href":"https:\/\/www.malherbe-school.com\/fr\/wp-json\/wp\/v2\/media?parent=2670"}],"curies":[{"name":"wp","href":"https:\/\/api.w.org\/{rel}","templated":true}]}}