{"id":2882,"date":"2022-03-31T17:55:35","date_gmt":"2022-03-31T15:55:35","guid":{"rendered":"https:\/\/www.malherbe-school.com\/?page_id=2882"},"modified":"2022-03-31T18:04:43","modified_gmt":"2022-03-31T16:04:43","slug":"notre-actualite","status":"publish","type":"page","link":"https:\/\/www.malherbe-school.com\/fr\/a-propos\/notre-actualite\/","title":{"rendered":"Notre Actualit\u00e9"},"content":{"rendered":"\t\t<div data-elementor-type=\"wp-page\" data-elementor-id=\"2882\" class=\"elementor elementor-2882 elementor-2873\" data-elementor-post-type=\"page\">\n\t\t\t\t\t\t<section class=\"elementor-section elementor-top-section elementor-element elementor-element-4130417 elementor-section-boxed elementor-section-height-default elementor-section-height-default\" data-id=\"4130417\" data-element_type=\"section\" data-e-type=\"section\" data-settings=\"{&quot;background_background&quot;:&quot;slideshow&quot;,&quot;background_slideshow_gallery&quot;:[{&quot;id&quot;:871,&quot;url&quot;:&quot;https:\\\/\\\/www.malherbe-school.com\\\/wp-content\\\/uploads\\\/2021\\\/12\\\/school.jpg&quot;}],&quot;jet_parallax_layout_list&quot;:[{&quot;jet_parallax_layout_image&quot;:{&quot;url&quot;:&quot;&quot;,&quot;id&quot;:&quot;&quot;,&quot;size&quot;:&quot;&quot;},&quot;_id&quot;:&quot;b8ce7b2&quot;,&quot;jet_parallax_layout_image_tablet&quot;:{&quot;url&quot;:&quot;&quot;,&quot;id&quot;:&quot;&quot;,&quot;size&quot;:&quot;&quot;},&quot;jet_parallax_layout_image_mobile&quot;:{&quot;url&quot;:&quot;&quot;,&quot;id&quot;:&quot;&quot;,&quot;size&quot;:&quot;&quot;},&quot;jet_parallax_layout_speed&quot;:{&quot;unit&quot;:&quot;%&quot;,&quot;size&quot;:50,&quot;sizes&quot;:[]},&quot;jet_parallax_layout_type&quot;:&quot;scroll&quot;,&quot;jet_parallax_layout_direction&quot;:null,&quot;jet_parallax_layout_fx_direction&quot;:null,&quot;jet_parallax_layout_z_index&quot;:&quot;&quot;,&quot;jet_parallax_layout_bg_x&quot;:50,&quot;jet_parallax_layout_bg_x_tablet&quot;:&quot;&quot;,&quot;jet_parallax_layout_bg_x_mobile&quot;:&quot;&quot;,&quot;jet_parallax_layout_bg_y&quot;:50,&quot;jet_parallax_layout_bg_y_tablet&quot;:&quot;&quot;,&quot;jet_parallax_layout_bg_y_mobile&quot;:&quot;&quot;,&quot;jet_parallax_layout_bg_size&quot;:&quot;auto&quot;,&quot;jet_parallax_layout_bg_size_tablet&quot;:&quot;&quot;,&quot;jet_parallax_layout_bg_size_mobile&quot;:&quot;&quot;,&quot;jet_parallax_layout_animation_prop&quot;:&quot;transform&quot;,&quot;jet_parallax_layout_on&quot;:[&quot;desktop&quot;,&quot;tablet&quot;]}],&quot;background_slideshow_loop&quot;:&quot;yes&quot;,&quot;background_slideshow_slide_duration&quot;:5000,&quot;background_slideshow_slide_transition&quot;:&quot;fade&quot;,&quot;background_slideshow_transition_duration&quot;:500}\">\n\t\t\t\t\t\t\t<div class=\"elementor-background-overlay\"><\/div>\n\t\t\t\t\t\t\t<div class=\"elementor-container elementor-column-gap-default\">\n\t\t\t\t\t<div class=\"elementor-column elementor-col-100 elementor-top-column elementor-element elementor-element-ee7beca\" data-id=\"ee7beca\" data-element_type=\"column\" data-e-type=\"column\" data-settings=\"{&quot;background_background&quot;:&quot;slideshow&quot;,&quot;background_slideshow_gallery&quot;:[],&quot;background_slideshow_loop&quot;:&quot;yes&quot;,&quot;background_slideshow_slide_duration&quot;:5000,&quot;background_slideshow_slide_transition&quot;:&quot;fade&quot;,&quot;background_slideshow_transition_duration&quot;:500}\">\n\t\t\t<div class=\"elementor-widget-wrap elementor-element-populated\">\n\t\t\t\t\t\t<div class=\"elementor-element elementor-element-f4036f9 elementor-widget elementor-widget-heading\" data-id=\"f4036f9\" data-element_type=\"widget\" data-e-type=\"widget\" data-widget_type=\"heading.default\">\n\t\t\t\t<div class=\"elementor-widget-container\">\n\t\t\t\t\t<h1 class=\"elementor-heading-title elementor-size-default\">Notre Actualit\u00e9<\/h1>\t\t\t\t<\/div>\n\t\t\t\t<\/div>\n\t\t\t\t\t<\/div>\n\t\t<\/div>\n\t\t\t\t\t<\/div>\n\t\t<\/section>\n\t\t\t\t<section class=\"elementor-section elementor-top-section elementor-element elementor-element-39ed515 elementor-section-boxed elementor-section-height-default elementor-section-height-default\" data-id=\"39ed515\" data-element_type=\"section\" data-e-type=\"section\" data-settings=\"{&quot;background_background&quot;:&quot;classic&quot;,&quot;jet_parallax_layout_list&quot;:[]}\">\n\t\t\t\t\t\t<div class=\"elementor-container elementor-column-gap-default\">\n\t\t\t\t\t<div class=\"elementor-column elementor-col-100 elementor-top-column elementor-element elementor-element-0ebf202\" data-id=\"0ebf202\" data-element_type=\"column\" data-e-type=\"column\">\n\t\t\t<div class=\"elementor-widget-wrap elementor-element-populated\">\n\t\t\t\t\t\t<div class=\"elementor-element elementor-element-f35267a elementor-grid-3 elementor-grid-tablet-2 elementor-grid-mobile-1 elementor-posts--thumbnail-top elementor-card-shadow-yes elementor-posts__hover-gradient elementor-widget elementor-widget-posts\" data-id=\"f35267a\" data-element_type=\"widget\" data-e-type=\"widget\" data-settings=\"{&quot;pagination_type&quot;:&quot;load_more_infinite_scroll&quot;,&quot;cards_columns&quot;:&quot;3&quot;,&quot;cards_columns_tablet&quot;:&quot;2&quot;,&quot;cards_columns_mobile&quot;:&quot;1&quot;,&quot;cards_row_gap&quot;:{&quot;unit&quot;:&quot;px&quot;,&quot;size&quot;:35,&quot;sizes&quot;:[]},&quot;cards_row_gap_tablet&quot;:{&quot;unit&quot;:&quot;px&quot;,&quot;size&quot;:&quot;&quot;,&quot;sizes&quot;:[]},&quot;cards_row_gap_mobile&quot;:{&quot;unit&quot;:&quot;px&quot;,&quot;size&quot;:&quot;&quot;,&quot;sizes&quot;:[]},&quot;load_more_spinner&quot;:{&quot;value&quot;:&quot;fas fa-spinner&quot;,&quot;library&quot;:&quot;fa-solid&quot;}}\" data-widget_type=\"posts.cards\">\n\t\t\t\t<div class=\"elementor-widget-container\">\n\t\t\t\t\t\t\t<div class=\"elementor-posts-container elementor-posts elementor-posts--skin-cards elementor-grid\" role=\"list\">\n\t\t\t\t<article class=\"elementor-post elementor-grid-item post-5918 post type-post status-publish format-standard has-post-thumbnail hentry category-stage-de-vacances tag-stage\" role=\"listitem\">\n\t\t\t<div class=\"elementor-post__card\">\n\t\t\t\t<a class=\"elementor-post__thumbnail__link\" href=\"https:\/\/www.malherbe-school.com\/fr\/spring-holiday-camp-april-20-24-2026\/\" tabindex=\"-1\"><div class=\"elementor-post__thumbnail\"><img fetchpriority=\"high\" decoding=\"async\" width=\"212\" height=\"300\" src=\"https:\/\/www.malherbe-school.com\/wp-content\/uploads\/2026\/03\/Spring-Camp-2026-at-Malherbe-International-School-flyer-212x300.jpg\" class=\"attachment-medium size-medium wp-image-5902\" alt=\"\" srcset=\"https:\/\/www.malherbe-school.com\/wp-content\/uploads\/2026\/03\/Spring-Camp-2026-at-Malherbe-International-School-flyer-212x300.jpg 212w, https:\/\/www.malherbe-school.com\/wp-content\/uploads\/2026\/03\/Spring-Camp-2026-at-Malherbe-International-School-flyer-724x1024.jpg 724w, https:\/\/www.malherbe-school.com\/wp-content\/uploads\/2026\/03\/Spring-Camp-2026-at-Malherbe-International-School-flyer-768x1086.jpg 768w, https:\/\/www.malherbe-school.com\/wp-content\/uploads\/2026\/03\/Spring-Camp-2026-at-Malherbe-International-School-flyer-1086x1536.jpg 1086w, https:\/\/www.malherbe-school.com\/wp-content\/uploads\/2026\/03\/Spring-Camp-2026-at-Malherbe-International-School-flyer.jpg 1414w\" sizes=\"(max-width: 212px) 100vw, 212px\" \/><\/div><\/a>\n\t\t\t\t<div class=\"elementor-post__badge\">Stage de vacances<\/div>\n\t\t\t\t<div class=\"elementor-post__text\">\n\t\t\t\t<h3 class=\"elementor-post__title\">\n\t\t\t<a href=\"https:\/\/www.malherbe-school.com\/fr\/spring-holiday-camp-april-20-24-2026\/\">\n\t\t\t\tStage de printemps &#8211; 20-24 avril, 2026\t\t\t<\/a>\n\t\t<\/h3>\n\t\t\t\t<div class=\"elementor-post__excerpt\">\n\t\t\t<p>Stage de Printemps \u00ab\u00a0Garden Explorers\u00a0\u00bb \u00e0 Malherbe International School Inscriptions: formulaire d&rsquo;inscription en ligne Malherbe International School a le plaisir d\u2019annoncer son Spring Camp 2026<\/p>\n\t\t<\/div>\n\t\t\n\t\t<a class=\"elementor-post__read-more\" href=\"https:\/\/www.malherbe-school.com\/fr\/spring-holiday-camp-april-20-24-2026\/\" aria-label=\"En savoir plus sur Stage de printemps &#8211; 20-24 avril, 2026\" tabindex=\"-1\">\n\t\t\tEn Savoir Plus \u00bb\t\t<\/a>\n\n\t\t\t\t<\/div>\n\t\t\t\t<div class=\"elementor-post__meta-data\">\n\t\t\t\t\t<span class=\"elementor-post-date\">\n\t\t\t19\/03\/2026\t\t<\/span>\n\t\t\t\t<\/div>\n\t\t\t\t\t<\/div>\n\t\t<\/article>\n\t\t\t\t<article class=\"elementor-post elementor-grid-item post-5826 post type-post status-publish format-standard has-post-thumbnail hentry category-school-events-fr tag-ecole-internationale tag-portes-ouvertes tag-procedure-d-admission tag-visite-decole\" role=\"listitem\">\n\t\t\t<div class=\"elementor-post__card\">\n\t\t\t\t<a class=\"elementor-post__thumbnail__link\" href=\"https:\/\/www.malherbe-school.com\/fr\/4949\/\" tabindex=\"-1\"><div class=\"elementor-post__thumbnail\"><img decoding=\"async\" width=\"300\" height=\"300\" src=\"https:\/\/www.malherbe-school.com\/wp-content\/uploads\/2025\/01\/Open-Doors-2026-Malherbe-International-School-300x300.jpg\" class=\"attachment-medium size-medium wp-image-5835\" alt=\"\" srcset=\"https:\/\/www.malherbe-school.com\/wp-content\/uploads\/2025\/01\/Open-Doors-2026-Malherbe-International-School-300x300.jpg 300w, https:\/\/www.malherbe-school.com\/wp-content\/uploads\/2025\/01\/Open-Doors-2026-Malherbe-International-School-1024x1024.jpg 1024w, https:\/\/www.malherbe-school.com\/wp-content\/uploads\/2025\/01\/Open-Doors-2026-Malherbe-International-School-150x150.jpg 150w, https:\/\/www.malherbe-school.com\/wp-content\/uploads\/2025\/01\/Open-Doors-2026-Malherbe-International-School-768x768.jpg 768w, https:\/\/www.malherbe-school.com\/wp-content\/uploads\/2025\/01\/Open-Doors-2026-Malherbe-International-School-1536x1536.jpg 1536w, https:\/\/www.malherbe-school.com\/wp-content\/uploads\/2025\/01\/Open-Doors-2026-Malherbe-International-School.jpg 1654w\" sizes=\"(max-width: 300px) 100vw, 300px\" \/><\/div><\/a>\n\t\t\t\t<div class=\"elementor-post__badge\">School events<\/div>\n\t\t\t\t<div class=\"elementor-post__text\">\n\t\t\t\t<h3 class=\"elementor-post__title\">\n\t\t\t<a href=\"https:\/\/www.malherbe-school.com\/fr\/4949\/\">\n\t\t\t\tPortes Ouvertes \u00e0 MIS &#8211; samedi 14 f\u00e9vrier 2026 (10h &#8211; midi)\t\t\t<\/a>\n\t\t<\/h3>\n\t\t\t\t<div class=\"elementor-post__excerpt\">\n\t\t\t<p>Nous serons ravis d&rsquo;accueillir les familles \u00e0 notre matin\u00e9e Portes Ouvertes, se d\u00e9roulant \u00e0 l\u2019\u00e9cole Malherbe International School \u2013 19 rue du 11 novembre 1918,<\/p>\n\t\t<\/div>\n\t\t\n\t\t<a class=\"elementor-post__read-more\" href=\"https:\/\/www.malherbe-school.com\/fr\/4949\/\" aria-label=\"En savoir plus sur Portes Ouvertes \u00e0 MIS &#8211; samedi 14 f\u00e9vrier 2026 (10h &#8211; midi)\" tabindex=\"-1\">\n\t\t\tEn Savoir Plus \u00bb\t\t<\/a>\n\n\t\t\t\t<\/div>\n\t\t\t\t<div class=\"elementor-post__meta-data\">\n\t\t\t\t\t<span class=\"elementor-post-date\">\n\t\t\t22\/01\/2026\t\t<\/span>\n\t\t\t\t<\/div>\n\t\t\t\t\t<\/div>\n\t\t<\/article>\n\t\t\t\t<article class=\"elementor-post elementor-grid-item post-5652 post type-post status-publish format-standard has-post-thumbnail hentry category-non-classifiee\" role=\"listitem\">\n\t\t\t<div class=\"elementor-post__card\">\n\t\t\t\t<a class=\"elementor-post__thumbnail__link\" href=\"https:\/\/www.malherbe-school.com\/fr\/fencing-a-new-partnership-between-us-pecq-escrime-and-mis\/\" tabindex=\"-1\"><div class=\"elementor-post__thumbnail\"><img decoding=\"async\" width=\"300\" height=\"166\" src=\"https:\/\/www.malherbe-school.com\/wp-content\/uploads\/2025\/11\/Escrime-Malherbe-International-School-300x166.jpg\" class=\"attachment-medium size-medium wp-image-5399\" alt=\"\" srcset=\"https:\/\/www.malherbe-school.com\/wp-content\/uploads\/2025\/11\/Escrime-Malherbe-International-School-300x166.jpg 300w, https:\/\/www.malherbe-school.com\/wp-content\/uploads\/2025\/11\/Escrime-Malherbe-International-School-768x426.jpg 768w, https:\/\/www.malherbe-school.com\/wp-content\/uploads\/2025\/11\/Escrime-Malherbe-International-School.jpg 960w\" sizes=\"(max-width: 300px) 100vw, 300px\" \/><\/div><\/a>\n\t\t\t\t<div class=\"elementor-post__badge\">Non classifi\u00e9(e)<\/div>\n\t\t\t\t<div class=\"elementor-post__text\">\n\t\t\t\t<h3 class=\"elementor-post__title\">\n\t\t\t<a href=\"https:\/\/www.malherbe-school.com\/fr\/fencing-a-new-partnership-between-us-pecq-escrime-and-mis\/\">\n\t\t\t\tEscrime : un nouveau partenariat entre l&rsquo;US Pecq Escrime et MIS\t\t\t<\/a>\n\t\t<\/h3>\n\t\t\t\t<div class=\"elementor-post__excerpt\">\n\t\t\t<p>Cette semaine a marqu\u00e9 la premi\u00e8re s\u00e9ance d&rsquo;escrime propos\u00e9e aux \u00e9l\u00e8ves de l&rsquo;Ecole Internationale Malherbe, dans le cadre du lancement d&rsquo;un partenariat entre l&rsquo;US Pecq<\/p>\n\t\t<\/div>\n\t\t\n\t\t<a class=\"elementor-post__read-more\" href=\"https:\/\/www.malherbe-school.com\/fr\/fencing-a-new-partnership-between-us-pecq-escrime-and-mis\/\" aria-label=\"En savoir plus sur Escrime : un nouveau partenariat entre l&rsquo;US Pecq Escrime et MIS\" tabindex=\"-1\">\n\t\t\tEn Savoir Plus \u00bb\t\t<\/a>\n\n\t\t\t\t<\/div>\n\t\t\t\t<div class=\"elementor-post__meta-data\">\n\t\t\t\t\t<span class=\"elementor-post-date\">\n\t\t\t21\/01\/2026\t\t<\/span>\n\t\t\t\t<\/div>\n\t\t\t\t\t<\/div>\n\t\t<\/article>\n\t\t\t\t<article class=\"elementor-post elementor-grid-item post-5651 post type-post status-publish format-standard has-post-thumbnail hentry category-school-events-fr tag-apprentissage-par-la-nature tag-royaume-uni tag-voyages-de-classe\" role=\"listitem\">\n\t\t\t<div class=\"elementor-post__card\">\n\t\t\t\t<a class=\"elementor-post__thumbnail__link\" href=\"https:\/\/www.malherbe-school.com\/fr\/key-stage-2-trip-to-surrey\/\" tabindex=\"-1\"><div class=\"elementor-post__thumbnail\"><img loading=\"lazy\" decoding=\"async\" width=\"225\" height=\"300\" src=\"https:\/\/www.malherbe-school.com\/wp-content\/uploads\/2025\/07\/IMG-20250407-WA0011-225x300.jpg\" class=\"attachment-medium size-medium wp-image-5350\" alt=\"\" srcset=\"https:\/\/www.malherbe-school.com\/wp-content\/uploads\/2025\/07\/IMG-20250407-WA0011-225x300.jpg 225w, https:\/\/www.malherbe-school.com\/wp-content\/uploads\/2025\/07\/IMG-20250407-WA0011-768x1024.jpg 768w, https:\/\/www.malherbe-school.com\/wp-content\/uploads\/2025\/07\/IMG-20250407-WA0011-1152x1536.jpg 1152w, https:\/\/www.malherbe-school.com\/wp-content\/uploads\/2025\/07\/IMG-20250407-WA0011.jpg 1536w\" sizes=\"(max-width: 225px) 100vw, 225px\" \/><\/div><\/a>\n\t\t\t\t<div class=\"elementor-post__badge\">School events<\/div>\n\t\t\t\t<div class=\"elementor-post__text\">\n\t\t\t\t<h3 class=\"elementor-post__title\">\n\t\t\t<a href=\"https:\/\/www.malherbe-school.com\/fr\/key-stage-2-trip-to-surrey\/\">\n\t\t\t\tVoyage de Classe au Surrey en Angleterre\t\t\t<\/a>\n\t\t<\/h3>\n\t\t\t\t<div class=\"elementor-post__excerpt\">\n\t\t\t<p>Nos \u00e9l\u00e8ves du CE1 auCM2 ont particip\u00e9 \u00e0 un incroyable voyage dans le Surrey, en Angleterre, en avril. Log\u00e9s \u00e0 Juniper Hall, pr\u00e8s de la<\/p>\n\t\t<\/div>\n\t\t\n\t\t<a class=\"elementor-post__read-more\" href=\"https:\/\/www.malherbe-school.com\/fr\/key-stage-2-trip-to-surrey\/\" aria-label=\"En savoir plus sur Voyage de Classe au Surrey en Angleterre\" tabindex=\"-1\">\n\t\t\tEn Savoir Plus \u00bb\t\t<\/a>\n\n\t\t\t\t<\/div>\n\t\t\t\t<div class=\"elementor-post__meta-data\">\n\t\t\t\t\t<span class=\"elementor-post-date\">\n\t\t\t21\/01\/2026\t\t<\/span>\n\t\t\t\t<\/div>\n\t\t\t\t\t<\/div>\n\t\t<\/article>\n\t\t\t\t<article class=\"elementor-post elementor-grid-item post-5650 post type-post status-publish format-standard has-post-thumbnail hentry category-school-events-fr\" role=\"listitem\">\n\t\t\t<div class=\"elementor-post__card\">\n\t\t\t\t<a class=\"elementor-post__thumbnail__link\" href=\"https:\/\/www.malherbe-school.com\/fr\/young-authors-2025\/\" tabindex=\"-1\"><div class=\"elementor-post__thumbnail\"><img loading=\"lazy\" decoding=\"async\" width=\"225\" height=\"300\" src=\"https:\/\/www.malherbe-school.com\/wp-content\/uploads\/2025\/03\/14-2-Young-Authors-9-225x300.jpg\" class=\"attachment-medium size-medium wp-image-5139\" alt=\"Year 4 winner reading their story to the assembly\" srcset=\"https:\/\/www.malherbe-school.com\/wp-content\/uploads\/2025\/03\/14-2-Young-Authors-9-225x300.jpg 225w, https:\/\/www.malherbe-school.com\/wp-content\/uploads\/2025\/03\/14-2-Young-Authors-9-768x1024.jpg 768w, https:\/\/www.malherbe-school.com\/wp-content\/uploads\/2025\/03\/14-2-Young-Authors-9-1152x1536.jpg 1152w, https:\/\/www.malherbe-school.com\/wp-content\/uploads\/2025\/03\/14-2-Young-Authors-9.jpg 1512w\" sizes=\"(max-width: 225px) 100vw, 225px\" \/><\/div><\/a>\n\t\t\t\t<div class=\"elementor-post__badge\">School events<\/div>\n\t\t\t\t<div class=\"elementor-post__text\">\n\t\t\t\t<h3 class=\"elementor-post__title\">\n\t\t\t<a href=\"https:\/\/www.malherbe-school.com\/fr\/young-authors-2025\/\">\n\t\t\t\tProjet Jeunes Auteurs 2025\t\t\t<\/a>\n\t\t<\/h3>\n\t\t\t\t<div class=\"elementor-post__excerpt\">\n\t\t\t<p>Nous sommes fiers de de nos jeunes auteurs! Cette ann\u00e9e, nous avons relanc\u00e9 le projet Jeunes Auteurs dans nos classes de primaire. Les enseignants du<\/p>\n\t\t<\/div>\n\t\t\n\t\t<a class=\"elementor-post__read-more\" href=\"https:\/\/www.malherbe-school.com\/fr\/young-authors-2025\/\" aria-label=\"En savoir plus sur Projet Jeunes Auteurs 2025\" tabindex=\"-1\">\n\t\t\tEn Savoir Plus \u00bb\t\t<\/a>\n\n\t\t\t\t<\/div>\n\t\t\t\t<div class=\"elementor-post__meta-data\">\n\t\t\t\t\t<span class=\"elementor-post-date\">\n\t\t\t21\/01\/2026\t\t<\/span>\n\t\t\t\t<\/div>\n\t\t\t\t\t<\/div>\n\t\t<\/article>\n\t\t\t\t<article class=\"elementor-post elementor-grid-item post-5204 post type-post status-publish format-standard has-post-thumbnail hentry category-uncategorized\" role=\"listitem\">\n\t\t\t<div class=\"elementor-post__card\">\n\t\t\t\t<a class=\"elementor-post__thumbnail__link\" href=\"https:\/\/www.malherbe-school.com\/fr\/earth-day-2025-at-mis-protecting-our-planet\/\" tabindex=\"-1\"><div class=\"elementor-post__thumbnail\"><img loading=\"lazy\" decoding=\"async\" width=\"224\" height=\"300\" src=\"https:\/\/www.malherbe-school.com\/wp-content\/uploads\/2025\/05\/Earth-day-recycling-2-224x300.jpg\" class=\"attachment-medium size-medium wp-image-5207\" alt=\"\" srcset=\"https:\/\/www.malherbe-school.com\/wp-content\/uploads\/2025\/05\/Earth-day-recycling-2-224x300.jpg 224w, https:\/\/www.malherbe-school.com\/wp-content\/uploads\/2025\/05\/Earth-day-recycling-2.jpg 603w\" sizes=\"(max-width: 224px) 100vw, 224px\" \/><\/div><\/a>\n\t\t\t\t<div class=\"elementor-post__badge\">Uncategorized<\/div>\n\t\t\t\t<div class=\"elementor-post__text\">\n\t\t\t\t<h3 class=\"elementor-post__title\">\n\t\t\t<a href=\"https:\/\/www.malherbe-school.com\/fr\/earth-day-2025-at-mis-protecting-our-planet\/\">\n\t\t\t\tEarth Day 2025 at MIS &#8211; Protecting our planet!\t\t\t<\/a>\n\t\t<\/h3>\n\t\t\t\t<div class=\"elementor-post__excerpt\">\n\t\t\t<p>We celebrated Earth Day At Malherbe International School on March 21st with the coming of Spring time! The day was packed with educational and active<\/p>\n\t\t<\/div>\n\t\t\n\t\t<a class=\"elementor-post__read-more\" href=\"https:\/\/www.malherbe-school.com\/fr\/earth-day-2025-at-mis-protecting-our-planet\/\" aria-label=\"En savoir plus sur Earth Day 2025 at MIS &#8211; Protecting our planet!\" tabindex=\"-1\">\n\t\t\tEn Savoir Plus \u00bb\t\t<\/a>\n\n\t\t\t\t<\/div>\n\t\t\t\t<div class=\"elementor-post__meta-data\">\n\t\t\t\t\t<span class=\"elementor-post-date\">\n\t\t\t09\/05\/2025\t\t<\/span>\n\t\t\t\t<\/div>\n\t\t\t\t\t<\/div>\n\t\t<\/article>\n\t\t\t\t<\/div>\n\t\t\t\t\t<span class=\"e-load-more-spinner\">\n\t\t\t\t<i aria-hidden=\"true\" class=\"fas fa-spinner\"><\/i>\t\t\t<\/span>\n\t\t\n\t\t\t\t<div class=\"e-load-more-anchor\" data-page=\"1\" data-max-page=\"3\" data-next-page=\"https:\/\/www.malherbe-school.com\/fr\/wp-json\/wp\/v2\/pages\/2882\/page\/2\/\"><\/div>\n\t\t\t\t<div class=\"e-load-more-message\">No more posts to show for now<\/div>\n\t\t\t\t\t\t<\/div>\n\t\t\t\t<\/div>\n\t\t\t\t\t<\/div>\n\t\t<\/div>\n\t\t\t\t\t<\/div>\n\t\t<\/section>\n\t\t\t\t<\/div>\n\t\t","protected":false},"excerpt":{"rendered":"","protected":false},"author":1,"featured_media":0,"parent":2803,"menu_order":17,"comment_status":"closed","ping_status":"closed","template":"elementor_header_footer","meta":{"footnotes":""},"class_list":["post-2882","page","type-page","status-publish","hentry"],"_links":{"self":[{"href":"https:\/\/www.malherbe-school.com\/fr\/wp-json\/wp\/v2\/pages\/2882","targetHints":{"allow":["GET"]}}],"collection":[{"href":"https:\/\/www.malherbe-school.com\/fr\/wp-json\/wp\/v2\/pages"}],"about":[{"href":"https:\/\/www.malherbe-school.com\/fr\/wp-json\/wp\/v2\/types\/page"}],"author":[{"embeddable":true,"href":"https:\/\/www.malherbe-school.com\/fr\/wp-json\/wp\/v2\/users\/1"}],"replies":[{"embeddable":true,"href":"https:\/\/www.malherbe-school.com\/fr\/wp-json\/wp\/v2\/comments?post=2882"}],"version-history":[{"count":1,"href":"https:\/\/www.malherbe-school.com\/fr\/wp-json\/wp\/v2\/pages\/2882\/revisions"}],"predecessor-version":[{"id":2883,"href":"https:\/\/www.malherbe-school.com\/fr\/wp-json\/wp\/v2\/pages\/2882\/revisions\/2883"}],"up":[{"embeddable":true,"href":"https:\/\/www.malherbe-school.com\/fr\/wp-json\/wp\/v2\/pages\/2803"}],"wp:attachment":[{"href":"https:\/\/www.malherbe-school.com\/fr\/wp-json\/wp\/v2\/media?parent=2882"}],"curies":[{"name":"wp","href":"https:\/\/api.w.org\/{rel}","templated":true}]}}